{"id":1528,"date":"2021-03-23T15:22:53","date_gmt":"2021-03-23T15:22:53","guid":{"rendered":"http:\/\/www.lipaconsultancy.com\/newsite\/?page_id=1528"},"modified":"2024-07-23T09:59:02","modified_gmt":"2024-07-23T09:59:02","slug":"iletisim","status":"publish","type":"page","link":"https:\/\/lipaconsultancy.com\/site\/iletisim\/","title":{"rendered":"\u0130LET\u0130\u015e\u0130M"},"content":{"rendered":"<p>[vc_row full_width=&#8221;stretch_row_content_no_spaces&#8221;][vc_column][vc_gmaps link=&#8221;#E-8_JTNDaWZyYW1lJTIwc3JjJTNEJTIyaHR0cHMlM0ElMkYlMkZ3d3cuZ29vZ2xlLmNvbSUyRm1hcHMlMkZlbWJlZCUzRnBiJTNEJTIxMW0xOCUyMTFtMTIlMjExbTMlMjExZDY1MjEuMzc0ODY2NTQ4MDkyJTIxMmQzMy4zNDQ2MTc2Mjc1OTc4NCUyMTNkMzUuMTg5MzQyMjM5NDI2MTIlMjEybTMlMjExZjAlMjEyZjAlMjEzZjAlMjEzbTIlMjExaTEwMjQlMjEyaTc2OCUyMTRmMTMuMSUyMTNtMyUyMTFtMiUyMTFzMHgxNGRlMTczNGNlODY5MjI5JTI1M0EweDMyYWMwYWIyYzY3OTQwNiUyMTJzRGVyZWJveXUlMjUyQyUyNTIwTmljb3NpYSUyMTVlMCUyMTNtMiUyMTFzZW4lMjEycyUyMTR2MTYyMDEzNjc1NzA5NiUyMTVtMiUyMTFzZW4lMjEycyUyMiUyMHdpZHRoJTNEJTIyNjAwJTIyJTIwaGVpZ2h0JTNEJTIyNDUwJTIyJTIwZnJhbWVib3JkZXIlM0QlMjIwJTIyJTIwc3R5bGUlM0QlMjJib3JkZXIlM0EwJTIyJTIwYWxsb3dmdWxsc2NyZWVuJTNFJTNDJTJGaWZyYW1lJTNF&#8221;][\/vc_column][\/vc_row][vc_row][vc_column css_animation=&#8221;slideInUp&#8221; width=&#8221;1\/2&#8243;][vc_custom_heading text=&#8221;Bize Ula\u015f\u0131n&#8221; use_theme_fonts=&#8221;yes&#8221;]\n\t\t<div class=\"basel-list color-scheme- basel-text-size-default basel-list-type-icon basel-list-style-default \" id=\"basel-list-id-6a06eaaf4defb\">\n\t\t\t<ul>\n\t\t\t\t\t\t\t\t\t\t\t\t\t\t<li>\n\t\t\t\t\t\t\t\t\t\t\t\t\t<div class=\"list-icon fas fa-phone-alt\"><\/div>\n\t\t\t\t\t\t\t\t\t\t\t\t<span class=\"list-content\">+90 533 864 90 92 \/ +90 533 885 8101 \/ +90 392 228 0810<\/span>\n\t\t\t\t\t<\/li>\n\t\t\t\t\t\t\t\t\t\t\t\t<\/ul>\n\n\t\t\t<style>\n\t\t\t\t#basel-list-id-6a06eaaf4defb .list-icon {\n\n                    color: #90241f;\n                }   \n                   \n                \t\t\t\t\/* *\/\n\t\t\t<\/style>\n\t\t<\/div>\n\t\t\n\t\t\n\t\t<div class=\"basel-list color-scheme- basel-text-size-default basel-list-type-icon basel-list-style-default \" id=\"basel-list-id-6a06eaaf4df32\">\n\t\t\t<ul>\n\t\t\t\t\t\t\t\t\t\t\t\t\t\t<li>\n\t\t\t\t\t\t\t\t\t\t\t\t\t<div class=\"list-icon fas fa-location-arrow\"><\/div>\n\t\t\t\t\t\t\t\t\t\t\t\t<span class=\"list-content\">\u00c7\u0131\u011f\u0131r Apt. No14, Mehmet Akif Caddesi, <br>K\u00f6\u015fkl\u00fc\u00e7iftlik, Lefko\u015fa, K\u0131br\u0131s<\/span>\n\t\t\t\t\t<\/li>\n\t\t\t\t\t\t\t\t\t\t\t\t<\/ul>\n\n\t\t\t<style>\n\t\t\t\t#basel-list-id-6a06eaaf4df32 .list-icon {\n\n                    color: #90241f;\n                }   \n                   \n                \t\t\t\t\/* *\/\n\t\t\t<\/style>\n\t\t<\/div>\n\t\t\n\t\t\n\t\t<div class=\"basel-list color-scheme- basel-text-size-default basel-list-type-icon basel-list-style-default \" id=\"basel-list-id-6a06eaaf4df42\">\n\t\t\t<ul>\n\t\t\t\t\t\t\t\t\t\t\t\t\t\t<li>\n\t\t\t\t\t\t\t\t\t\t\t\t\t<div class=\"list-icon fas fa-envelope\"><\/div>\n\t\t\t\t\t\t\t\t\t\t\t\t<span class=\"list-content\">info @lipaconsultancy.com<\/span>\n\t\t\t\t\t<\/li>\n\t\t\t\t\t\t\t\t\t\t\t\t<\/ul>\n\n\t\t\t<style>\n\t\t\t\t#basel-list-id-6a06eaaf4df42 .list-icon {\n\n                    color: #90241f;\n                }   \n                   \n                \t\t\t\t\/* *\/\n\t\t\t<\/style>\n\t\t<\/div>\n\t\t\n\t\t[\/vc_column][vc_column width=&#8221;1\/2&#8243;][vc_custom_heading text=&#8221;Mesaj B\u0131rak\u0131n&#8221; use_theme_fonts=&#8221;yes&#8221;]\n<div class=\"wpcf7 no-js\" id=\"wpcf7-f1677-o1\" lang=\"en-US\" dir=\"ltr\">\n<div class=\"screen-reader-response\"><p role=\"status\" aria-live=\"polite\" aria-atomic=\"true\"><\/p> <ul><\/ul><\/div>\n<form action=\"\/site\/wp-json\/wp\/v2\/pages\/1528#wpcf7-f1677-o1\" method=\"post\" class=\"wpcf7-form init\" aria-label=\"Contact form\" novalidate=\"novalidate\" data-status=\"init\">\n<div style=\"display: none;\">\n<input type=\"hidden\" name=\"_wpcf7\" value=\"1677\" \/>\n<input type=\"hidden\" name=\"_wpcf7_version\" value=\"5.9.7\" \/>\n<input type=\"hidden\" name=\"_wpcf7_locale\" value=\"en_US\" \/>\n<input type=\"hidden\" name=\"_wpcf7_unit_tag\" value=\"wpcf7-f1677-o1\" \/>\n<input type=\"hidden\" name=\"_wpcf7_container_post\" value=\"0\" \/>\n<input type=\"hidden\" name=\"_wpcf7_posted_data_hash\" value=\"\" \/>\n<\/div>\n<p><label> \u0130sim<br \/>\n<span class=\"wpcf7-form-control-wrap\" data-name=\"your-name\"><input size=\"40\" maxlength=\"400\" class=\"wpcf7-form-control wpcf7-text wpcf7-validates-as-required\" aria-required=\"true\" aria-invalid=\"false\" value=\"\" type=\"text\" name=\"your-name\" \/><\/span> <\/label>\n<\/p>\n<p><label> Email<br \/>\n<span class=\"wpcf7-form-control-wrap\" data-name=\"your-email\"><input size=\"40\" maxlength=\"400\" class=\"wpcf7-form-control wpcf7-email wpcf7-validates-as-required wpcf7-text wpcf7-validates-as-email\" aria-required=\"true\" aria-invalid=\"false\" value=\"\" type=\"email\" name=\"your-email\" \/><\/span> <\/label>\n<\/p>\n<p><label> Konu<br \/>\n<span class=\"wpcf7-form-control-wrap\" data-name=\"your-subject\"><input size=\"40\" maxlength=\"400\" class=\"wpcf7-form-control wpcf7-text wpcf7-validates-as-required\" aria-required=\"true\" aria-invalid=\"false\" value=\"\" type=\"text\" name=\"your-subject\" \/><\/span> <\/label>\n<\/p>\n<p><label> Mesaj\u0131n\u0131z<br \/>\n<span class=\"wpcf7-form-control-wrap\" data-name=\"your-message\"><textarea cols=\"40\" rows=\"10\" maxlength=\"2000\" class=\"wpcf7-form-control wpcf7-textarea\" aria-invalid=\"false\" name=\"your-message\"><\/textarea><\/span> <\/label>\n<\/p>\n<p><input class=\"wpcf7-form-control wpcf7-submit has-spinner\" type=\"submit\" value=\"G\u00f6nder\" \/>\n<\/p><div class=\"wpcf7-response-output\" aria-hidden=\"true\"><\/div>\n<\/form>\n<\/div>\n[\/vc_column][\/vc_row]<\/p>\n","protected":false},"excerpt":{"rendered":"<p>[vc_row full_width=&#8221;stretch_row_content_no_spaces&#8221;][vc_column][vc_gmaps link=&#8221;#E-8_JTNDaWZyYW1lJTIwc3JjJTNEJTIyaHR0cHMlM0ElMkYlMkZ3d3cuZ29vZ2xlLmNvbSUyRm1hcHMlMkZlbWJlZCUzRnBiJTNEJTIxMW0xOCUyMTFtMTIlMjExbTMlMjExZDY1MjEuMzc0ODY2NTQ4MDkyJTIxMmQzMy4zNDQ2MTc2Mjc1OTc4NCUyMTNkMzUuMTg5MzQyMjM5NDI2MTIlMjEybTMlMjExZjAlMjEyZjAlMjEzZjAlMjEzbTIlMjExaTEwMjQlMjEyaTc2OCUyMTRmMTMuMSUyMTNtMyUyMTFtMiUyMTFzMHgxNGRlMTczNGNlODY5MjI5JTI1M0EweDMyYWMwYWIyYzY3OTQwNiUyMTJzRGVyZWJveXUlMjUyQyUyNTIwTmljb3NpYSUyMTVlMCUyMTNtMiUyMTFzZW4lMjEycyUyMTR2MTYyMDEzNjc1NzA5NiUyMTVtMiUyMTFzZW4lMjEycyUyMiUyMHdpZHRoJTNEJTIyNjAwJTIyJTIwaGVpZ2h0JTNEJTIyNDUwJTIyJTIwZnJhbWVib3JkZXIlM0QlMjIwJTIyJTIwc3R5bGUlM0QlMjJib3JkZXIlM0EwJTIyJTIwYWxsb3dmdWxsc2NyZWVuJTNFJTNDJTJGaWZyYW1lJTNF&#8221;][\/vc_column][\/vc_row][vc_row][vc_column css_animation=&#8221;slideInUp&#8221; width=&#8221;1\/2&#8243;][vc_custom_heading text=&#8221;Bize Ula\u015f\u0131n&#8221; use_theme_fonts=&#8221;yes&#8221;][\/vc_column][vc_column width=&#8221;1\/2&#8243;][vc_custom_heading text=&#8221;Mesaj B\u0131rak\u0131n&#8221; use_theme_fonts=&#8221;yes&#8221;][\/vc_column][\/vc_row]<\/p>\n","protected":false},"author":1,"featured_media":0,"parent":0,"menu_order":0,"comment_status":"closed","ping_status":"closed","template":"","meta":{"footnotes":""},"class_list":["post-1528","page","type-page","status-publish","hentry"],"_links":{"self":[{"href":"https:\/\/lipaconsultancy.com\/site\/wp-json\/wp\/v2\/pages\/1528","targetHints":{"allow":["GET"]}}],"collection":[{"href":"https:\/\/lipaconsultancy.com\/site\/wp-json\/wp\/v2\/pages"}],"about":[{"href":"https:\/\/lipaconsultancy.com\/site\/wp-json\/wp\/v2\/types\/page"}],"author":[{"embeddable":true,"href":"https:\/\/lipaconsultancy.com\/site\/wp-json\/wp\/v2\/users\/1"}],"replies":[{"embeddable":true,"href":"https:\/\/lipaconsultancy.com\/site\/wp-json\/wp\/v2\/comments?post=1528"}],"version-history":[{"count":12,"href":"https:\/\/lipaconsultancy.com\/site\/wp-json\/wp\/v2\/pages\/1528\/revisions"}],"predecessor-version":[{"id":2440,"href":"https:\/\/lipaconsultancy.com\/site\/wp-json\/wp\/v2\/pages\/1528\/revisions\/2440"}],"wp:attachment":[{"href":"https:\/\/lipaconsultancy.com\/site\/wp-json\/wp\/v2\/media?parent=1528"}],"curies":[{"name":"wp","href":"https:\/\/api.w.org\/{rel}","templated":true}]}}