{"id":1524,"date":"2021-03-23T15:21:37","date_gmt":"2021-03-23T15:21:37","guid":{"rendered":"http:\/\/www.lipaconsultancy.com\/newsite\/?page_id=1524"},"modified":"2021-06-06T10:18:40","modified_gmt":"2021-06-06T10:18:40","slug":"gizlilik-politikamiz","status":"publish","type":"page","link":"https:\/\/lipaconsultancy.com\/site\/gizlilik-politikamiz\/","title":{"rendered":"G\u0130ZL\u0130L\u0130K POL\u0130T\u0130KAMIZ"},"content":{"rendered":"<p>[vc_row][vc_column][vc_custom_heading text=&#8221;Verilerinizin Gizlili\u011fi Bizim \u0130\u00e7in \u00d6nemli&#8221; use_theme_fonts=&#8221;yes&#8221;][vc_empty_space height=&#8221;20px&#8221;][\/vc_column][\/vc_row][vc_row][vc_column][vc_column_text]Lipa Consultancy ki\u015fisel verilerin korunmas\u0131 ve gizlili\u011fine \u00f6nem veren bir \u015firket olarak 89\/2007 say\u0131l\u0131 \u201cKi\u015fisel Verilerin Korunmas\u0131 Yasas\u0131\u201d\u2019na, ayr\u0131ca ESOMAR Uluslararas\u0131 Ara\u015ft\u0131rma Kodlar\u0131 ve K\u0131lavuzu ilkelerine uyumlu olarak \u00e7al\u0131\u015fmalar\u0131n\u0131 b\u00fcy\u00fck bir titizlikle y\u00fcr\u00fctmektedir. Bu ama\u00e7la, t\u00fcm ara\u015ft\u0131rma faaliyetlerimizi ilgili yasalar ve olu\u015fturdu\u011fumuz bu gizlilik politiks\u0131na uygun olarak y\u00fcr\u00fctt\u00fc\u011f\u00fcm\u00fcz\u00fc beyan ederiz.[\/vc_column_text][\/vc_column][\/vc_row][vc_row full_width=&#8221;stretch_row&#8221; css=&#8221;.vc_custom_1622840552772{background-color: #e8e8e8 !important;}&#8221;][vc_column][vc_column_text]<\/p>\n<h2><strong>K\u0130\u015e\u0130SEL VER\u0130LER\u0130N KORUNMASI YASASI AYDINLATMA METN\u0130<\/strong><\/h2>\n<p>Lipa Consultancy, KKTC 89\/2007 say\u0131l\u0131 Ki\u015fisel Verilerin Korunmas\u0131 Yasas\u0131\u2019na, ayr\u0131ca ESOMAR Uluslararas\u0131 Ara\u015ft\u0131rma Kodlar\u0131 ve K\u0131lavuzu ilkeleri \u00e7er\u00e7evesinde de pazarlama ve kamuoyu ara\u015ft\u0131rmafaaliyetlerindeki mesleki davran\u0131\u015f kurallar\u0131na tamamen uyarak \u00e7al\u0131\u015fmalar\u0131n\u0131 s\u00fcrd\u00fcrmektedir. Lipa Consultancy olarak y\u00fcr\u00fctt\u00fc\u011f\u00fcm\u00fcz pazar ara\u015ft\u0131rmalar\u0131na kat\u0131lanlar\u0131n ve s\u00fcre\u00e7 i\u00e7erisinde yer alan t\u00fcm taraflar\u0131n gizlilik ve Ki\u015fisel Verilerinin korunmas\u0131 bizim i\u00e7in son derece \u00f6nemli olup Ki\u015fisel Verilerin g\u00fcvenli\u011fi hususunda azami \u00f6zen g\u00f6stermekteyiz.<\/p>\n<p>Sa\u011flad\u0131\u011f\u0131m\u0131z servislerden \u00a0faydalanan Hizmet Al\u0131c\u0131lara ait, ki\u015filer d\u00e2hil,\u00a0 her t\u00fcrl\u00fc ki\u015fisel verinin KVK Yasas\u0131\u2019na uygun olarak i\u015flenerek, muhafaza edilmesine b\u00fcy\u00fck \u00f6nem vermekteyiz. Bu sorumlulu\u011fumuzun tam idraki ile <strong>KVK Yasas\u0131\u2018nda 10. Maddesinde<\/strong> tan\u0131ml\u0131 \u015fekli ile <strong>\u201cVeri Koruma G\u00f6revlisi\u201d<\/strong> s\u0131fat\u0131yla, ki\u015fisel verilerinizi a\u015fa\u011f\u0131da izah edildi\u011fi surette ve mevzuat taraf\u0131ndan emredilen s\u0131n\u0131rlar \u00e7er\u00e7evesinde toplamakta, i\u015flemekte ve gerekli olmas\u0131 halinde muhafaza etmekteyiz.<\/p>\n<h4>1. Toplad\u0131\u011f\u0131m\u0131z Bilgiler<\/h4>\n<p><strong>KVK Yasas\u0131\u2019n\u0131n 13. Maddesi \u201cBilgilendirme Y\u00fck\u00fcml\u00fcl\u00fc\u011f\u00fc\u201d<\/strong> uyar\u0131nca Lipa Consultancy \u00a0taraf\u0131ndan y\u00fcr\u00fct\u00fclen ara\u015ft\u0131rmalarda , haz\u0131rlanan her bir soru formu a\u00e7\u0131k bir \u015fekilde Lipa Consultancy ara\u015ft\u0131rma \u015firketini tan\u0131t\u0131r ve kat\u0131l\u0131mc\u0131 ile irtibata ge\u00e7me amac\u0131n\u0131 a\u00e7\u0131klamaktad\u0131r<\/p>\n<p>Lipa Consultancy, kat\u0131l\u0131mc\u0131 ile genellikle a\u015fa\u011f\u0131daki ama\u00e7lardan biri i\u00e7in irtibat kurar;<\/p>\n<ol>\n<li>Kat\u0131l\u0131mc\u0131 ara\u015ft\u0131rmaya kat\u0131lmaya davet etmek i\u00e7in<\/li>\n<li>Kat\u0131l\u0131mc\u0131 ile anket g\u00f6r\u00fc\u015fmesi yapmak i\u00e7in<\/li>\n<li>Ankette verilen cevaplar\u0131 do\u011frulamak i\u00e7in<\/li>\n<li>Kat\u0131l\u0131mc\u0131n\u0131n ki\u015fisel bilgilerin do\u011frulu\u011fundan emin olmak i\u00e7in<\/li>\n<\/ol>\n<p>Yukar\u0131daki maddelere ek olarak;<\/p>\n<ol>\n<li>Kat\u0131l\u0131mc\u0131 ile yap\u0131lan ilk g\u00f6r\u00fc\u015fmede belirtilmeyen bir ama\u00e7 i\u00e7in kullanma durumu halinde, elde edilen bilgilerin izninin al\u0131nmas\u0131 dolay\u0131syla da Lipa Consultancy Hizmet Al\u0131c\u0131 ile irtibata ge\u00e7ebilir.<\/li>\n<\/ol>\n<p>Ara\u015ft\u0131rmalar kapsam\u0131nda ya\u015f, ev halk\u0131 birle\u015fimi gibi demografik bilgilerin yan\u0131 s\u0131ra, kat\u0131l\u0131mc\u0131n\u0131n ki\u015fisel g\u00f6r\u00fc\u015fleri ile ilgili de sorular y\u00f6neltilebilir. Anketteki belirli sorular\u0131 cevaplamamay\u0131 ya da g\u00f6r\u00fc\u015fmenin herhangi bir an\u0131nda ankete devam etmeyi kat\u0131l\u0131mc\u0131 reddebilir. E\u011fer internet ara\u015ft\u0131rma paneline kat\u0131lm\u0131\u015f ise, kat\u0131l\u0131mc\u0131 devred\u0131\u015f\u0131 b\u0131rakma talimatlar\u0131n\u0131\u00a0 takip ederek , Lipa Consultancy\u2019nin g\u00f6nderdi\u011fi e-postalar da dahil olmak \u00fczere herhangi bir zamanda \u00fcyeli\u011fini iptal edebilir.<\/p>\n<p>Lipa Consultancy, asla bilin\u00e7li bir \u015fekilde ya\u015f s\u0131n\u0131r\u0131n\u0131n alt\u0131nda olan \u00e7ocuklar\u0131 (<strong>15-17 ya\u015f \u201cher iki ya\u015f da dahil\u201d<\/strong>) ebeveynlerin izni olmadan ara\u015ft\u0131rmaya kat\u0131lmaya davet etmez.<\/p>\n<h4>2. Anket Yan\u0131tlar\u0131 ve \u0130leti\u015fim Bilgilerinin Gizlili\u011fi<\/h4>\n<p>Bir kat\u0131l\u0131mc\u0131n\u0131n \u00a0verdi\u011fi yan\u0131tlar ankete kat\u0131lan t\u00fcm \u00a0di\u011fer kat\u0131l\u0131mc\u0131lar\u0131n verdi\u011fi yan\u0131tlar ile birle\u015ftirip Hizmet Al\u0131c\u0131\u2019ya genel bir veri sunumu ve raporlamas\u0131 ger\u00e7ekle\u015fmektedir.\u00a0 A\u015fa\u011f\u0131da belirtilen nedenlerin d\u0131\u015f\u0131nda kasti olarak ki\u015fisel cevaplar raporlanmamaktad\u0131r.<\/p>\n<p>Her bir kat\u0131l\u0131mc\u0131n\u0131n ankete verdi\u011fi cevaplar\u0131n gizlili\u011fini korumak i\u00e7in, onlar\u0131 asla satmayacak, payla\u015fmayacak, kiralamayacak; ya da kat\u0131l\u0131mc\u0131lar\u0131n bilgilerini kas\u0131tl\u0131 olarak isim, adres, telefon numaras\u0131 veya mail adresi gibi bilgilerini 3.\u015fah\u0131slara y\u00f6nlendirilmeyecek.<\/p>\n<p><strong>KVK Yasas\u0131\u2019n\u0131n 7. Maddesi \u201cHassas Verinin \u0130\u015flenmesi\u201d<\/strong>\u00a0 uyar\u0131nca, Lipa Consultancy, \u00a0a\u015fa\u011f\u0131daki istisnalar d\u0131\u015f\u0131nda kat\u0131l\u0131mc\u0131n\u0131n bilgilerini 3. \u015fah\u0131slara if\u015fa etmeyecek.<\/p>\n<p>1.Kat\u0131l\u0131mc\u0131n\u0131n iste\u011fi ve r\u0131zas\u0131 olursa, kimlik bilgisi ve bireysel yan\u0131tlar\u0131n \u00f6zel ama\u00e7lar do\u011frultusunda payla\u015f\u0131labilir.<\/p>\n<p>2.ESOMAR Kurallar\u0131 do\u011frultusunda, kat\u0131l\u0131mc\u0131n\u0131n cevaplar\u0131n\u0131 s\u00f6zle\u015fmeye ba\u011fl\u0131 olarak tutmak ve bilgilerin gizli bilgi oldu\u011funun a\u00e7\u0131klanmas\u0131\u00a0 kayd\u0131yla 3. partilere temin edilecek ama bu bilgiler sadece ara\u015ft\u0131rma ya da istatistik ama\u00e7l\u0131 kullan\u0131lacak.<\/p>\n<p>Adli merci ve h\u00fck\u00fcmet uyar\u0131nca celp, emir ya da benzeri yasal mevzuatlar do\u011frultusunda bilgiler if\u015fa edilmeye maruz kalabilir. Bu duruma s\u0131kl\u0131kla rastlanmaz ama olmas\u0131 m\u00fcmk\u00fcnd\u00fcr.<\/p>\n<h4>3. Ki\u015fisel Bilgilerin G\u00fcvenli\u011fi<\/h4>\n<p>Lipa Consultancy, \u00e7al\u0131\u015fanlar\u0131n\u0131 gizlilik, g\u00fcvenlik ve mahremiyet politikalar\u0131 ve i\u015flemleri hakk\u0131nda ve bunlara uyulmas\u0131n\u0131n \u00f6nemi konusunda bilgilendirir..<\/p>\n<h4>4. Ki\u015fisel Bilgilerin Do\u011frulu\u011fu<\/h4>\n<p>Lipa Consultancy ki\u015fisel bilgilerin kontrol pozisyonunda tutulmas\u0131 i\u00e7in do\u011fru, tam, g\u00fcncel, ve mevcut olan son bilgilere dayanarak t\u00fcm gerekli \u00e7abalar g\u00f6sterilmeli. Lipa Consultancy ara\u015ft\u0131rma \u00e7al\u0131\u015fmalar\u0131nda y\u00f6neltilen sorular\u0131 d\u00fcr\u00fcst\u00e7e yan\u0131tlayarak verilen ki\u015fisel bilgilerin do\u011fru, tam ve g\u00fcncel tutmak i\u00e7in kat\u0131l\u0131mc\u0131n\u0131n i\u015fbirli\u011fine ve yapaca\u011f\u0131 katk\u0131ya \u00a0g\u00fcveniyoruz.<\/p>\n<h4>5. Ki\u015fisel Belgelere Eri\u015fim<\/h4>\n<p><strong>KVK Yasas\u0131\u2019n\u0131n 14. maddesi \u201cEri\u015fim Hakk\u0131<\/strong><strong>\u201d<\/strong> uyar\u0131nca, Lipa Consultancy, ki\u015fisel verilerine eri\u015fim talebini ald\u0131ktan sonra, 30 g\u00fcn i\u00e7erisinde istenen ki\u015fisel bilgileri sunmak i\u00e7in sorumludur. Eri\u015fim tabeli yerine getirilemedi\u011finde , bu iste\u011fi reddetme nedeni yaz\u0131l\u0131 bir a\u00e7\u0131klama ile bildirmekle y\u00fck\u00fcml\u00fcd\u00fcr.<\/p>\n<h4>6. Kat\u0131l\u0131mc\u0131n\u0131n \u0130tiraz Hakk\u0131<\/h4>\n<p><strong>KVK Yas\u0131s\u2019n\u0131n 15. Maddesi \u201c\u0130tiraz Hakk\u0131\u201d <\/strong>uyar\u0131nca yap\u0131lan itirazlar yaz\u0131l\u0131 olarak, Veri Koruma G\u00f6revlisi\u2019ne yap\u0131l\u0131r ve talebin iletilmesini takiben 15 i\u015f g\u00fcn\u00fc i\u00e7inde yaz\u0131l\u0131 olarak Lipa Consultancy yan\u0131t vermesi gerekmektedir.<\/p>\n<h4>7. Bu Politikalardaki Maddelerin Degi\u015fiminin Bildirilmesi<\/h4>\n<p>Bu politikalarda ya da gizlilik uygulamalar\u0131nda herhangi bir madde de\u011fi\u015fikli\u011fi yap\u0131lmas\u0131 durumunda; madde de\u011fi\u015fikli\u011fin uygulamaya ge\u00e7irilmesinden 30 g\u00fcn \u00f6nce, bu degi\u015fiklik Lipa Consultancy web sitesinde a\u00e7\u0131k bir \u015fekilde yay\u0131mlanacakt\u0131r. Madde de\u011fi\u015fikliklerindeki uygulama takibi olarak, bu politikalar\u0131n en son g\u00f6zden gecirilmi\u015f hali\u00a0 kay\u0131t edilecektir.<\/p>\n<h4>8. Lipa Consultancy ara\u015ft\u0131rma ve dan\u0131\u015fmanl\u0131k \u015firketine Ula\u015fmak \u0130\u00e7in<\/h4>\n<p>Bu politikalarla ilgili sorular, uygulamalara ili\u015fkin \u015fikayetler ya da eri\u015fim iste\u011fi\u00a0 e-mail arac\u0131l\u0131\u011f\u0131yla do\u011frudan Veri Koruma G\u00f6revlisine y\u00f6neltilmelidir. Lipa Consultancyt\u00fcm bu \u015fikayetleri sorgulay\u0131p, gerek\u00e7eli olarak ilgili taraflara a\u00e7\u0131klayacakt\u0131r.<\/p>\n<p><strong>\u00a0<\/strong><\/p>\n<p><strong>Adress:<\/strong> Mehmet Akif Caddesi \u00c7\u0131\u011f\u0131r 2 Apt. No.14 K\u00f6\u015fkl\u00fc\u00e7iftlik Lefko\u015fa<\/p>\n<p><strong>E-posta:<\/strong> info@lipaconsultancy.com<\/p>\n<p><strong>Telefon:<\/strong> 0533 885 81 01 \u2013 0392 22 80 810[\/vc_column_text][\/vc_column][\/vc_row][vc_row][vc_column][vc_row_inner][vc_column_inner width=&#8221;1\/6&#8243; basel_text_align=&#8221;center&#8221;][vc_single_image image=&#8221;1786&#8243; img_size=&#8221;100&#215;100&#8243; alignment=&#8221;center&#8221; onclick=&#8221;custom_link&#8221; img_link_target=&#8221;_blank&#8221; link=&#8221;\/wp-content\/uploads\/2021\/05\/Gizlilik-v1-TR.pdf&#8221;][vc_column_text]<a href=\"\/wp-content\/uploads\/2021\/05\/Gizlilik-v1-TR.pdf\" target=\"_blank\" rel=\"noopener\">Gizlilik Politikas\u0131<\/a>[\/vc_column_text][\/vc_column_inner][vc_column_inner width=&#8221;5\/6&#8243;][\/vc_column_inner][\/vc_row_inner][\/vc_column][\/vc_row][vc_section full_width=&#8221;stretch_row&#8221; css=&#8221;.vc_custom_1481466023488{margin-bottom: -40px !important;padding-top: 0px !important;}&#8221;][vc_row full_width=&#8221;stretch_row&#8221; content_placement=&#8221;middle&#8221; css=&#8221;.vc_custom_1622972045656{margin-bottom: 0px !important;padding-top: 20px !important;padding-bottom: 20px !important;background: #942b26 url(http:\/\/dummy.xtemos.com\/basel\/vers\/wp-content\/uploads\/sites\/3\/2017\/01\/info-call-1.png?id=602) !important;background-position: 0 0 !important;background-repeat: no-repeat !important;}&#8221;][vc_column width=&#8221;5\/6&#8243; basel_color_scheme=&#8221;light&#8221; css=&#8221;.vc_custom_1481460303734{padding-top: 20px !important;padding-bottom: 20px !important;}&#8221;][vc_column_text css=&#8221;.vc_custom_1619644616891{margin-bottom: 0px !important;}&#8221;]<\/p>\n<p style=\"font-size: 37px; font-weight: 300; color: white; margin-bottom: 0px; line-height: 45px;\">T\u00fcm sorular\u0131n\u0131z i\u00e7in bize ula\u015f\u0131n.<\/p>\n<p style=\"font-size: 30px;\"><strong>+90 533 885 8101 \/ +90 392 228 0810<\/strong><\/p>\n<p>[\/vc_column_text][\/vc_column][vc_column width=&#8221;1\/6&#8243; css=&#8221;.vc_custom_1481367707658{padding-top: 0px !important;}&#8221;][vc_btn title=&#8221;<strong>\u0130LET\u0130\u015e\u0130M<\/strong>&#8221; style=&#8221;custom&#8221; custom_background=&#8221;#ffffff&#8221; custom_text=&#8221;#942b26&#8243; shape=&#8221;square&#8221; size=&#8221;lg&#8221; align=&#8221;center&#8221; css=&#8221;.vc_custom_1622972765604{margin-bottom: 0px !important;}&#8221; link=&#8221;url:http%3A%2F%2Fkaanhurelli.com%2Flipanew%2Filetisim%2F|title:%C4%B0LET%C4%B0%C5%9E%C4%B0M&#8221;][\/vc_column][\/vc_row][\/vc_section]<\/p>\n","protected":false},"excerpt":{"rendered":"<p>[vc_row][vc_column][vc_custom_heading text=&#8221;Verilerinizin Gizlili\u011fi Bizim \u0130\u00e7in \u00d6nemli&#8221; use_theme_fonts=&#8221;yes&#8221;][vc_empty_space height=&#8221;20px&#8221;][\/vc_column][\/vc_row][vc_row][vc_column][vc_column_text]Lipa Consultancy ki\u015fisel verilerin korunmas\u0131 ve gizlili\u011fine \u00f6nem veren bir \u015firket olarak 89\/2007<\/p>\n","protected":false},"author":1,"featured_media":0,"parent":0,"menu_order":0,"comment_status":"closed","ping_status":"closed","template":"","meta":{"footnotes":""},"class_list":["post-1524","page","type-page","status-publish","hentry"],"_links":{"self":[{"href":"https:\/\/lipaconsultancy.com\/site\/wp-json\/wp\/v2\/pages\/1524","targetHints":{"allow":["GET"]}}],"collection":[{"href":"https:\/\/lipaconsultancy.com\/site\/wp-json\/wp\/v2\/pages"}],"about":[{"href":"https:\/\/lipaconsultancy.com\/site\/wp-json\/wp\/v2\/types\/page"}],"author":[{"embeddable":true,"href":"https:\/\/lipaconsultancy.com\/site\/wp-json\/wp\/v2\/users\/1"}],"replies":[{"embeddable":true,"href":"https:\/\/lipaconsultancy.com\/site\/wp-json\/wp\/v2\/comments?post=1524"}],"version-history":[{"count":15,"href":"https:\/\/lipaconsultancy.com\/site\/wp-json\/wp\/v2\/pages\/1524\/revisions"}],"predecessor-version":[{"id":1974,"href":"https:\/\/lipaconsultancy.com\/site\/wp-json\/wp\/v2\/pages\/1524\/revisions\/1974"}],"wp:attachment":[{"href":"https:\/\/lipaconsultancy.com\/site\/wp-json\/wp\/v2\/media?parent=1524"}],"curies":[{"name":"wp","href":"https:\/\/api.w.org\/{rel}","templated":true}]}}