{"id":1514,"date":"2021-03-23T15:15:26","date_gmt":"2021-03-23T15:15:26","guid":{"rendered":"http:\/\/www.lipaconsultancy.com\/newsite\/?page_id=1514"},"modified":"2021-06-20T22:02:55","modified_gmt":"2021-06-20T22:02:55","slug":"arastirma","status":"publish","type":"page","link":"https:\/\/lipaconsultancy.com\/site\/arastirma\/","title":{"rendered":"ARA\u015eTIRMA"},"content":{"rendered":"<p>[vc_row css=&#8221;.vc_custom_1619729355713{margin-bottom: 2px !important;}&#8221;][vc_column width=&#8221;1\/4&#8243;][vc_single_image image=&#8221;1996&#8243; img_size=&#8221;400&#215;600&#8243;][\/vc_column][vc_column width=&#8221;3\/4&#8243; css=&#8221;.vc_custom_1521560168480{margin-bottom: 10px !important;}&#8221;]\n\t\t\t<ul class=\"sub-menu  mega-menu-list\" >\n\t\t\t\t<li class=\" item-with-label item-label-\">\n\t\t\t\t\t<a href=\"http:\/\/kaanhurelli.com\/lipanew\/arastirma\/\" title=\"ARA\u015eTIRMA\">\n\t\t\t\t\t\tARA\u015eTIRMA\t\t\t\t\t\t\t\t\t\t\t<\/a>\n\t\t\t\t\t<ul class=\"sub-sub-menu\">\n\t\t\t\t\t\t\n\t\t\t<li class=\" item-with-label item-label- \">\n\t\t\t\t<a href=\"http:\/\/lipaconsultancy.com\/site\/arastirma\/kapasitemiz\/\" title=\"KAPAS\u0130TEM\u0130Z\">\n\t\t\t\t\tKapasitemiz\t\t\t\t\t\t\t\t\t<\/a>\n\t\t\t<\/li>\n\n\t\t\n\t\t\t<li class=\" item-with-label item-label- \">\n\t\t\t\t<a href=\"http:\/\/lipaconsultancy.com\/site\/arastirma\/uluslararasi-toplumsal-arastirmalar\/\" title=\"ULUSLARARASI TOPLUMSAL ARA\u015eTIRMALAR\">\n\t\t\t\t\tUluslararas\u0131 Toplumsal Ara\u015ft\u0131rmalar\t\t\t\t\t\t\t\t\t<\/a>\n\t\t\t<\/li>\n\n\t\t\n\t\t\t<li class=\" item-with-label item-label- \">\n\t\t\t\t<a href=\"http:\/\/lipaconsultancy.com\/site\/arastirma\/siyasi-egilimler-ve-kamuoyu-yoklamalari\/\" title=\"S\u0130YAS\u0130 E\u011e\u0130L\u0130MLER VE KAMUOYU YOKLAMALARI\">\n\t\t\t\t\tSiyasi E\u011filimler ve Kamuoyu Yoklamalar\u0131\t\t\t\t\t\t\t\t\t<\/a>\n\t\t\t<\/li>\n\n\t\t\n\t\t\t<li class=\" item-with-label item-label- \">\n\t\t\t\t<a href=\"http:\/\/lipaconsultancy.com\/site\/arastirma\/musteri-memnuniyet-arastirmalari\/\" title=\"M\u00dc\u015eTER\u0130 MEMNUN\u0130YET ARA\u015eTIRMALARI\">\n\t\t\t\t\tM\u00fc\u015fteri Memnuniyet Ara\u015ft\u0131rmalar\u0131\t\t\t\t\t\t\t\t\t<\/a>\n\t\t\t<\/li>\n\n\t\t\n\t\t\t<li class=\" item-with-label item-label- \">\n\t\t\t\t<a href=\"http:\/\/lipaconsultancy.com\/site\/arastirma\/marka-konumlandirma-ve-marka-yonetimi-arastirmalari\/\" title=\"MARKA KONUMLANDIRMA VE MARKA Y\u00d6NET\u0130M\u0130 ARA\u015eTIRMALARI\">\n\t\t\t\t\tMarka Konumland\u0131rma ve Marka Y\u00f6netimi Ara\u015ft\u0131rmalar\u0131\t\t\t\t\t\t\t\t\t<\/a>\n\t\t\t<\/li>\n\n\t\t\n\t\t\t<li class=\" item-with-label item-label- \">\n\t\t\t\t<a href=\"http:\/\/lipaconsultancy.com\/site\/arastirma\/marka-degeri-ve-algi-arastirmalari\/\" title=\"MARKA DE\u011eER\u0130 VE ALGI ARA\u015eTIRMALARI\">\n\t\t\t\t\tMarka De\u011feri ve Alg\u0131 Ara\u015ft\u0131rmalar\u0131\t\t\t\t\t\t\t\t\t<\/a>\n\t\t\t<\/li>\n\n\t\t\n\t\t\t<li class=\" item-with-label item-label- \">\n\t\t\t\t<a href=\"http:\/\/lipaconsultancy.com\/site\/arastirma\/gizli-musteri-gozetimleri\/\" title=\"G\u0130ZL\u0130 M\u00dc\u015eTER\u0130 G\u00d6ZET\u0130MLER\u0130\">\n\t\t\t\t\tGizli M\u00fc\u015fteri G\u00f6zetimleri\t\t\t\t\t\t\t\t\t<\/a>\n\t\t\t<\/li>\n\n\t\t\n\t\t\t<li class=\" item-with-label item-label- \">\n\t\t\t\t<a href=\"http:\/\/lipaconsultancy.com\/site\/arastirma\/perakende-performans-analizi\/\" title=\"PERAKENDE PERFORMANS ANAL\u0130Z\u0130\">\n\t\t\t\t\tPerakende Performans Analizi\t\t\t\t\t\t\t\t\t<\/a>\n\t\t\t<\/li>\n\n\t\t\t\t\t\t\t<\/ul>\n\t\t\t\t<\/li>\n\t\t\t<\/ul>\n\n\t\t[\/vc_column][\/vc_row]<\/p>\n","protected":false},"excerpt":{"rendered":"<p>[vc_row css=&#8221;.vc_custom_1619729355713{margin-bottom: 2px !important;}&#8221;][vc_column width=&#8221;1\/4&#8243;][vc_single_image image=&#8221;1996&#8243; img_size=&#8221;400&#215;600&#8243;][\/vc_column][vc_column width=&#8221;3\/4&#8243; css=&#8221;.vc_custom_1521560168480{margin-bottom: 10px !important;}&#8221;][\/vc_column][\/vc_row]<\/p>\n","protected":false},"author":1,"featured_media":0,"parent":0,"menu_order":0,"comment_status":"closed","ping_status":"closed","template":"","meta":{"footnotes":""},"class_list":["post-1514","page","type-page","status-publish","hentry"],"_links":{"self":[{"href":"https:\/\/lipaconsultancy.com\/site\/wp-json\/wp\/v2\/pages\/1514","targetHints":{"allow":["GET"]}}],"collection":[{"href":"https:\/\/lipaconsultancy.com\/site\/wp-json\/wp\/v2\/pages"}],"about":[{"href":"https:\/\/lipaconsultancy.com\/site\/wp-json\/wp\/v2\/types\/page"}],"author":[{"embeddable":true,"href":"https:\/\/lipaconsultancy.com\/site\/wp-json\/wp\/v2\/users\/1"}],"replies":[{"embeddable":true,"href":"https:\/\/lipaconsultancy.com\/site\/wp-json\/wp\/v2\/comments?post=1514"}],"version-history":[{"count":5,"href":"https:\/\/lipaconsultancy.com\/site\/wp-json\/wp\/v2\/pages\/1514\/revisions"}],"predecessor-version":[{"id":2232,"href":"https:\/\/lipaconsultancy.com\/site\/wp-json\/wp\/v2\/pages\/1514\/revisions\/2232"}],"wp:attachment":[{"href":"https:\/\/lipaconsultancy.com\/site\/wp-json\/wp\/v2\/media?parent=1514"}],"curies":[{"name":"wp","href":"https:\/\/api.w.org\/{rel}","templated":true}]}}