{"id":1795,"date":"2021-05-31T15:46:36","date_gmt":"2021-05-31T15:46:36","guid":{"rendered":"http:\/\/kaanhurelli.com\/lipanew\/?page_id=1795"},"modified":"2021-06-15T19:17:48","modified_gmt":"2021-06-15T19:17:48","slug":"tedarikci-denetimleri","status":"publish","type":"page","link":"http:\/\/lipaconsultancy.com\/site\/danismanlik\/operasyon\/tedarikci-denetimleri\/","title":{"rendered":"TEDAR\u0130K\u00c7\u0130 DENET\u0130MLER\u0130"},"content":{"rendered":"<p>[vc_row][vc_column][vc_empty_space height=&#8221;20px&#8221;][\/vc_column][\/vc_row][vc_row][vc_column width=&#8221;1\/2&#8243;][vc_column_text]Ba\u015fta g\u0131da \u00fcr\u00fcnleri imalat\u0131 olmak \u00fczere tedarik zincirleri i\u00e7erisinde \u00fcretim yapan imalat\u00e7\u0131lara m\u00fc\u015fterileri ad\u0131na ger\u00e7ekle\u015ftirdi\u011fimiz denetimlerdir. G\u0131da hijyeni, \u00fcr\u00fcn kalitesi, \u00fcr\u00fcn spesifikasyonlar\u0131, proses denetimleri ve m\u00fc\u015fteri ili\u015fkileri y\u00f6netimi s\u00fcre\u00e7lerini de i\u00e7erebilecek bu denetimlerde \u00e7e\u015fitli uluslarars\u0131 standartlar (IFS, BRC, ISO 22000 vb..) referans al\u0131nabilmekte veya m\u00fc\u015fterinin talebi do\u011frultusunda yeni soru listeleri haz\u0131rlanabilmektedir. Bu hizmet kapsam\u0131m\u0131zda G\u0131da ve Kimya M\u00fchendisli\u011fi alanlar\u0131nda tecr\u00fcbeli ve ba\u015fdenet\u00e7ilik sertifikas\u0131na sahip uzmanlar\u0131m\u0131z hizmet vermektedir.[\/vc_column_text][\/vc_column][vc_column width=&#8221;1\/2&#8243;][vc_single_image image=&#8221;2047&#8243; img_size=&#8221;full&#8221;][\/vc_column][\/vc_row][vc_section full_width=&#8221;stretch_row&#8221; css=&#8221;.vc_custom_1481466023488{margin-bottom: -40px !important;padding-top: 0px !important;}&#8221;][vc_row full_width=&#8221;stretch_row&#8221; content_placement=&#8221;middle&#8221; css=&#8221;.vc_custom_1622972045656{margin-bottom: 0px !important;padding-top: 20px !important;padding-bottom: 20px !important;background: #942b26 url(http:\/\/dummy.xtemos.com\/basel\/vers\/wp-content\/uploads\/sites\/3\/2017\/01\/info-call-1.png?id=602) !important;background-position: 0 0 !important;background-repeat: no-repeat !important;}&#8221;][vc_column width=&#8221;5\/6&#8243; basel_color_scheme=&#8221;light&#8221; css=&#8221;.vc_custom_1481460303734{padding-top: 20px !important;padding-bottom: 20px !important;}&#8221;][vc_column_text css=&#8221;.vc_custom_1619644616891{margin-bottom: 0px !important;}&#8221;]<\/p>\n<p style=\"font-size: 37px; font-weight: 300; color: white; margin-bottom: 0px; line-height: 45px;\">T\u00fcm sorular\u0131n\u0131z i\u00e7in bize ula\u015f\u0131n.<\/p>\n<p style=\"font-size: 30px;\"><strong>+90 533 885 8101 \/ +90 392 228 0810<\/strong><\/p>\n<p>[\/vc_column_text][\/vc_column][vc_column width=&#8221;1\/6&#8243; css=&#8221;.vc_custom_1481367707658{padding-top: 0px !important;}&#8221;][vc_btn title=&#8221;<strong>\u0130LET\u0130\u015e\u0130M<\/strong>&#8221; style=&#8221;custom&#8221; custom_background=&#8221;#ffffff&#8221; custom_text=&#8221;#942b26&#8243; shape=&#8221;square&#8221; size=&#8221;lg&#8221; align=&#8221;center&#8221; css=&#8221;.vc_custom_1622972765604{margin-bottom: 0px !important;}&#8221; link=&#8221;url:http%3A%2F%2Fkaanhurelli.com%2Flipanew%2Filetisim%2F|title:%C4%B0LET%C4%B0%C5%9E%C4%B0M&#8221;][\/vc_column][\/vc_row][\/vc_section]<\/p>\n","protected":false},"excerpt":{"rendered":"<p>[vc_row][vc_column][vc_empty_space height=&#8221;20px&#8221;][\/vc_column][\/vc_row][vc_row][vc_column width=&#8221;1\/2&#8243;][vc_column_text]Ba\u015fta g\u0131da \u00fcr\u00fcnleri imalat\u0131 olmak \u00fczere tedarik zincirleri i\u00e7erisinde \u00fcretim yapan imalat\u00e7\u0131lara m\u00fc\u015fterileri ad\u0131na ger\u00e7ekle\u015ftirdi\u011fimiz denetimlerdir. G\u0131da hijyeni,<\/p>\n","protected":false},"author":1,"featured_media":0,"parent":1623,"menu_order":0,"comment_status":"closed","ping_status":"closed","template":"","meta":{"footnotes":""},"class_list":["post-1795","page","type-page","status-publish","hentry"],"_links":{"self":[{"href":"http:\/\/lipaconsultancy.com\/site\/wp-json\/wp\/v2\/pages\/1795","targetHints":{"allow":["GET"]}}],"collection":[{"href":"http:\/\/lipaconsultancy.com\/site\/wp-json\/wp\/v2\/pages"}],"about":[{"href":"http:\/\/lipaconsultancy.com\/site\/wp-json\/wp\/v2\/types\/page"}],"author":[{"embeddable":true,"href":"http:\/\/lipaconsultancy.com\/site\/wp-json\/wp\/v2\/users\/1"}],"replies":[{"embeddable":true,"href":"http:\/\/lipaconsultancy.com\/site\/wp-json\/wp\/v2\/comments?post=1795"}],"version-history":[{"count":6,"href":"http:\/\/lipaconsultancy.com\/site\/wp-json\/wp\/v2\/pages\/1795\/revisions"}],"predecessor-version":[{"id":2048,"href":"http:\/\/lipaconsultancy.com\/site\/wp-json\/wp\/v2\/pages\/1795\/revisions\/2048"}],"up":[{"embeddable":true,"href":"http:\/\/lipaconsultancy.com\/site\/wp-json\/wp\/v2\/pages\/1623"}],"wp:attachment":[{"href":"http:\/\/lipaconsultancy.com\/site\/wp-json\/wp\/v2\/media?parent=1795"}],"curies":[{"name":"wp","href":"https:\/\/api.w.org\/{rel}","templated":true}]}}