{"id":1664,"date":"2021-05-02T20:10:16","date_gmt":"2021-05-02T20:10:16","guid":{"rendered":"http:\/\/kaanhurelli.com\/lipanew\/?page_id=1664"},"modified":"2021-06-30T14:44:03","modified_gmt":"2021-06-30T14:44:03","slug":"perakende-performans-analizi","status":"publish","type":"page","link":"http:\/\/lipaconsultancy.com\/site\/arastirma\/perakende-performans-analizi\/","title":{"rendered":"PERAKENDE PERFORMANS ANAL\u0130Z\u0130"},"content":{"rendered":"<p>[vc_row][vc_column width=&#8221;1\/2&#8243;][vc_column_text]M\u00fc\u015fteri davran\u0131\u015f\u0131n\u0131 <strong>\u00e7e\u015fitli yollarla<\/strong> analiz edip sundu\u011fumuz verilerle perakende ma\u011fazalar\u0131 ve onlara mal tedari\u011fi sa\u011flayan tedarik\u00e7iler, raf tanzim ekibi y\u00f6neticileri, sat\u0131\u015f ve pazarlama stratejilerini geli\u015ftirebilmekte, ve \u00fcr\u00fcn vitrin g\u00f6rsellerini d\u00fczenlemede yol g\u00f6sterici olmaktay\u0131z.<\/p>\n<p>Lipa olarak yapt\u0131\u011f\u0131m\u0131z Perakende Performans analizleri ve ma\u011faza ziyaretleri sonucunda, perakende ma\u011fazalar\u0131n\u0131n \u00e7al\u0131\u015fanlar\u0131n\u0131n, raf tanzim personellerinin ve sunduklar\u0131 hizmetin verimlili\u011fini art\u0131rmada, pop\u00fcler \u00fcr\u00fcnleri tespit etmede, ve m\u00fc\u015fteri memnuniyetini art\u0131r\u0131p, rekabet edilebilirli\u011fini art\u0131rmada yol g\u00f6stermekteyiz.<\/p>\n<p>Siz de \u015firketinizin, tedarik\u00e7ilerinizin ve raf tanzim ekiplerinizin perakende sunum performans\u0131n\u0131n art\u0131 ve eksi y\u00f6nlerini tespit edip bunlar\u0131 geli\u015ftirmek istiyorsan\u0131z, Lipa\u2019dan yard\u0131m alabilirsiniz.[\/vc_column_text][\/vc_column][vc_column width=&#8221;1\/2&#8243;][vc_single_image image=&#8221;2327&#8243; img_size=&#8221;full&#8221;][\/vc_column][\/vc_row][vc_section full_width=&#8221;stretch_row&#8221; css=&#8221;.vc_custom_1481466023488{margin-bottom: -40px !important;padding-top: 0px !important;}&#8221;][vc_row full_width=&#8221;stretch_row&#8221; content_placement=&#8221;middle&#8221; css=&#8221;.vc_custom_1622972045656{margin-bottom: 0px !important;padding-top: 20px !important;padding-bottom: 20px !important;background: #942b26 url(http:\/\/dummy.xtemos.com\/basel\/vers\/wp-content\/uploads\/sites\/3\/2017\/01\/info-call-1.png?id=602) !important;background-position: 0 0 !important;background-repeat: no-repeat !important;}&#8221;][vc_column width=&#8221;5\/6&#8243; basel_color_scheme=&#8221;light&#8221; css=&#8221;.vc_custom_1481460303734{padding-top: 20px !important;padding-bottom: 20px !important;}&#8221;][vc_column_text css=&#8221;.vc_custom_1619644616891{margin-bottom: 0px !important;}&#8221;]<\/p>\n<p style=\"font-size: 37px; font-weight: 300; color: white; margin-bottom: 0px; line-height: 45px;\">T\u00fcm sorular\u0131n\u0131z i\u00e7in bize ula\u015f\u0131n.<\/p>\n<p style=\"font-size: 30px;\"><strong>+90 533 885 8101 \/ +90 392 228 0810<\/strong><\/p>\n<p>[\/vc_column_text][\/vc_column][vc_column width=&#8221;1\/6&#8243; css=&#8221;.vc_custom_1481367707658{padding-top: 0px !important;}&#8221;][vc_btn title=&#8221;<strong>\u0130LET\u0130\u015e\u0130M<\/strong>&#8221; style=&#8221;custom&#8221; custom_background=&#8221;#ffffff&#8221; custom_text=&#8221;#942b26&#8243; shape=&#8221;square&#8221; size=&#8221;lg&#8221; align=&#8221;center&#8221; css=&#8221;.vc_custom_1622972765604{margin-bottom: 0px !important;}&#8221; link=&#8221;url:http%3A%2F%2Fkaanhurelli.com%2Flipanew%2Filetisim%2F|title:%C4%B0LET%C4%B0%C5%9E%C4%B0M&#8221;][\/vc_column][\/vc_row][\/vc_section]<\/p>\n","protected":false},"excerpt":{"rendered":"<p>[vc_row][vc_column width=&#8221;1\/2&#8243;][vc_column_text]M\u00fc\u015fteri davran\u0131\u015f\u0131n\u0131 \u00e7e\u015fitli yollarla analiz edip sundu\u011fumuz verilerle perakende ma\u011fazalar\u0131 ve onlara mal tedari\u011fi sa\u011flayan tedarik\u00e7iler, raf tanzim ekibi<\/p>\n","protected":false},"author":1,"featured_media":0,"parent":1514,"menu_order":0,"comment_status":"closed","ping_status":"closed","template":"","meta":{"footnotes":""},"class_list":["post-1664","page","type-page","status-publish","hentry"],"_links":{"self":[{"href":"http:\/\/lipaconsultancy.com\/site\/wp-json\/wp\/v2\/pages\/1664","targetHints":{"allow":["GET"]}}],"collection":[{"href":"http:\/\/lipaconsultancy.com\/site\/wp-json\/wp\/v2\/pages"}],"about":[{"href":"http:\/\/lipaconsultancy.com\/site\/wp-json\/wp\/v2\/types\/page"}],"author":[{"embeddable":true,"href":"http:\/\/lipaconsultancy.com\/site\/wp-json\/wp\/v2\/users\/1"}],"replies":[{"embeddable":true,"href":"http:\/\/lipaconsultancy.com\/site\/wp-json\/wp\/v2\/comments?post=1664"}],"version-history":[{"count":5,"href":"http:\/\/lipaconsultancy.com\/site\/wp-json\/wp\/v2\/pages\/1664\/revisions"}],"predecessor-version":[{"id":2330,"href":"http:\/\/lipaconsultancy.com\/site\/wp-json\/wp\/v2\/pages\/1664\/revisions\/2330"}],"up":[{"embeddable":true,"href":"http:\/\/lipaconsultancy.com\/site\/wp-json\/wp\/v2\/pages\/1514"}],"wp:attachment":[{"href":"http:\/\/lipaconsultancy.com\/site\/wp-json\/wp\/v2\/media?parent=1664"}],"curies":[{"name":"wp","href":"https:\/\/api.w.org\/{rel}","templated":true}]}}