{"id":1655,"date":"2021-05-02T20:01:05","date_gmt":"2021-05-02T20:01:05","guid":{"rendered":"http:\/\/kaanhurelli.com\/lipanew\/?page_id=1655"},"modified":"2021-06-30T14:31:42","modified_gmt":"2021-06-30T14:31:42","slug":"marka-degeri-ve-algi-arastirmalari","status":"publish","type":"page","link":"http:\/\/lipaconsultancy.com\/site\/arastirma\/marka-degeri-ve-algi-arastirmalari\/","title":{"rendered":"MARKA DE\u011eER\u0130 VE ALGI ARA\u015eTIRMALARI"},"content":{"rendered":"<p>[vc_row][vc_column width=&#8221;1\/2&#8243;][vc_column_text]\u015eirketler i\u00e7in m\u00fc\u015fteri memnuniyeti s\u00fcrd\u00fcr\u00fclebilirlikleri a\u00e7\u0131s\u0131ndan \u00e7ok \u00f6nemlidir. Alan\u0131nda e\u011fitim alm\u0131\u015f uzmanlar\u0131m\u0131zla y\u00fcr\u00fctt\u00fc\u011f\u00fcm\u00fcz Marka Alg\u0131 Ara\u015ft\u0131rmalar\u0131 sonucunda m\u00fc\u015fteri kitlesi alg\u0131 haritas\u0131 olu\u015fturup var olan m\u00fc\u015fteriler ve potansiyel m\u00fc\u015fteriler \u00fczerinden marka \u00fczerinden geri bildirim al\u0131p sorunlara pragmatik \u00e7\u00f6z\u00fcmler getirmeyi hedeflemekteyiz.<\/p>\n<p>Bu ara\u015ft\u0131rma sonucunda mevcut ve potansiyel m\u00fc\u015fteri kitlesine ula\u015fmada kullan\u0131lacak ileti\u015fim kanallar\u0131 ve ara\u00e7lar\u0131 tespit edilip, \u015firketlerin do\u011fru zamanda do\u011fru yerde hedef kitleye hitap etmeleri konusunda yol g\u00f6sterebilmekteyiz.[\/vc_column_text][\/vc_column][vc_column width=&#8221;1\/2&#8243;][vc_single_image image=&#8221;2317&#8243; img_size=&#8221;full&#8221;][\/vc_column][\/vc_row][vc_section full_width=&#8221;stretch_row&#8221; css=&#8221;.vc_custom_1481466023488{margin-bottom: -40px !important;padding-top: 0px !important;}&#8221;][vc_row full_width=&#8221;stretch_row&#8221; content_placement=&#8221;middle&#8221; css=&#8221;.vc_custom_1622972045656{margin-bottom: 0px !important;padding-top: 20px !important;padding-bottom: 20px !important;background: #942b26 url(http:\/\/dummy.xtemos.com\/basel\/vers\/wp-content\/uploads\/sites\/3\/2017\/01\/info-call-1.png?id=602) !important;background-position: 0 0 !important;background-repeat: no-repeat !important;}&#8221;][vc_column width=&#8221;5\/6&#8243; basel_color_scheme=&#8221;light&#8221; css=&#8221;.vc_custom_1481460303734{padding-top: 20px !important;padding-bottom: 20px !important;}&#8221;][vc_column_text css=&#8221;.vc_custom_1619644616891{margin-bottom: 0px !important;}&#8221;]<\/p>\n<p style=\"font-size: 37px; font-weight: 300; color: white; margin-bottom: 0px; line-height: 45px;\">T\u00fcm sorular\u0131n\u0131z i\u00e7in bize ula\u015f\u0131n.<\/p>\n<p style=\"font-size: 30px;\"><strong>+90 533 885 8101 \/ +90 392 228 0810<\/strong><\/p>\n<p>[\/vc_column_text][\/vc_column][vc_column width=&#8221;1\/6&#8243; css=&#8221;.vc_custom_1481367707658{padding-top: 0px !important;}&#8221;][vc_btn title=&#8221;<strong>\u0130LET\u0130\u015e\u0130M<\/strong>&#8221; style=&#8221;custom&#8221; custom_background=&#8221;#ffffff&#8221; custom_text=&#8221;#942b26&#8243; shape=&#8221;square&#8221; size=&#8221;lg&#8221; align=&#8221;center&#8221; css=&#8221;.vc_custom_1622972765604{margin-bottom: 0px !important;}&#8221; link=&#8221;url:http%3A%2F%2Fkaanhurelli.com%2Flipanew%2Filetisim%2F|title:%C4%B0LET%C4%B0%C5%9E%C4%B0M&#8221;][\/vc_column][\/vc_row][\/vc_section]<\/p>\n","protected":false},"excerpt":{"rendered":"<p>[vc_row][vc_column width=&#8221;1\/2&#8243;][vc_column_text]\u015eirketler i\u00e7in m\u00fc\u015fteri memnuniyeti s\u00fcrd\u00fcr\u00fclebilirlikleri a\u00e7\u0131s\u0131ndan \u00e7ok \u00f6nemlidir. Alan\u0131nda e\u011fitim alm\u0131\u015f uzmanlar\u0131m\u0131zla y\u00fcr\u00fctt\u00fc\u011f\u00fcm\u00fcz Marka Alg\u0131 Ara\u015ft\u0131rmalar\u0131 sonucunda m\u00fc\u015fteri kitlesi<\/p>\n","protected":false},"author":1,"featured_media":0,"parent":1514,"menu_order":0,"comment_status":"closed","ping_status":"closed","template":"","meta":{"footnotes":""},"class_list":["post-1655","page","type-page","status-publish","hentry"],"_links":{"self":[{"href":"http:\/\/lipaconsultancy.com\/site\/wp-json\/wp\/v2\/pages\/1655","targetHints":{"allow":["GET"]}}],"collection":[{"href":"http:\/\/lipaconsultancy.com\/site\/wp-json\/wp\/v2\/pages"}],"about":[{"href":"http:\/\/lipaconsultancy.com\/site\/wp-json\/wp\/v2\/types\/page"}],"author":[{"embeddable":true,"href":"http:\/\/lipaconsultancy.com\/site\/wp-json\/wp\/v2\/users\/1"}],"replies":[{"embeddable":true,"href":"http:\/\/lipaconsultancy.com\/site\/wp-json\/wp\/v2\/comments?post=1655"}],"version-history":[{"count":6,"href":"http:\/\/lipaconsultancy.com\/site\/wp-json\/wp\/v2\/pages\/1655\/revisions"}],"predecessor-version":[{"id":2319,"href":"http:\/\/lipaconsultancy.com\/site\/wp-json\/wp\/v2\/pages\/1655\/revisions\/2319"}],"up":[{"embeddable":true,"href":"http:\/\/lipaconsultancy.com\/site\/wp-json\/wp\/v2\/pages\/1514"}],"wp:attachment":[{"href":"http:\/\/lipaconsultancy.com\/site\/wp-json\/wp\/v2\/media?parent=1655"}],"curies":[{"name":"wp","href":"https:\/\/api.w.org\/{rel}","templated":true}]}}