{"id":1653,"date":"2021-05-02T19:59:48","date_gmt":"2021-05-02T19:59:48","guid":{"rendered":"http:\/\/kaanhurelli.com\/lipanew\/?page_id=1653"},"modified":"2021-06-30T14:00:29","modified_gmt":"2021-06-30T14:00:29","slug":"musteri-memnuniyet-arastirmalari","status":"publish","type":"page","link":"http:\/\/lipaconsultancy.com\/site\/arastirma\/musteri-memnuniyet-arastirmalari\/","title":{"rendered":"M\u00dc\u015eTER\u0130 MEMNUN\u0130YET ARA\u015eTIRMALARI"},"content":{"rendered":"<p>[vc_row][vc_column width=&#8221;1\/2&#8243;][vc_column_text]G\u00fcn\u00fcm\u00fczde giderek artan rekabetle beraber m\u00fc\u015fteri memnuniyet ara\u015ft\u0131rmalar\u0131 \u00a0\u015firketler i\u00e7in b\u00fcy\u00fck \u00f6nem arz etmekte ve s\u00fcrd\u00fcr\u00fclebilirliklerini b\u00fcy\u00fck \u00f6l\u00e7\u00fcde etkilemektedir.<\/p>\n<p>M\u00fc\u015fteri Memnuniyet Ara\u015ft\u0131rmalar\u0131, m\u00fc\u015fterilerin ald\u0131\u011f\u0131 mal veya hizmet kar\u015f\u0131l\u0131\u011f\u0131ndaki memnuniyeti \u00e7e\u015fitli yollarla \u00f6l\u00e7erek veri haline getirmektedir. Toplanan veriler, \u015firketin zay\u0131f ve g\u00fc\u00e7l\u00fc y\u00f6nlerini ortaya \u00e7\u0131karmada, rekabet \u00fcst\u00fcnl\u00fc\u011f\u00fc yarat\u0131lmas\u0131nda, devam ettirilmesi gereken veya yenilenmesi ve de\u011fi\u015ftirilmesi gereken alanlar\u0131 tespit edebilmekte ve yol g\u00f6stermektedir.<\/p>\n<p>B\u00f6ylece \u015firketler, eksi ve art\u0131 y\u00f6nlerini g\u00f6zden ge\u00e7irerek potansiyel m\u00fc\u015fteri kitlelerini geni\u015fletip, vizyonlar\u0131n\u0131 nas\u0131l geli\u015ftirebilecekleri konusunda fikir sahibi olabileceklerdir.<\/p>\n<p>Siz de \u015firket m\u00fc\u015fteri kitlesine daha kolay ula\u015farak \u00a0memnuniyeti art\u0131rmak istiyorsan\u0131z Lipa\u2019dan yard\u0131m alabilirsiniz.[\/vc_column_text][\/vc_column][vc_column width=&#8221;1\/2&#8243;][vc_single_image image=&#8221;2305&#8243; img_size=&#8221;full&#8221;][\/vc_column][\/vc_row][vc_section full_width=&#8221;stretch_row&#8221; css=&#8221;.vc_custom_1481466023488{margin-bottom: -40px !important;padding-top: 0px !important;}&#8221;][vc_row full_width=&#8221;stretch_row&#8221; content_placement=&#8221;middle&#8221; css=&#8221;.vc_custom_1622972045656{margin-bottom: 0px !important;padding-top: 20px !important;padding-bottom: 20px !important;background: #942b26 url(http:\/\/dummy.xtemos.com\/basel\/vers\/wp-content\/uploads\/sites\/3\/2017\/01\/info-call-1.png?id=602) !important;background-position: 0 0 !important;background-repeat: no-repeat !important;}&#8221;][vc_column width=&#8221;5\/6&#8243; basel_color_scheme=&#8221;light&#8221; css=&#8221;.vc_custom_1481460303734{padding-top: 20px !important;padding-bottom: 20px !important;}&#8221;][vc_column_text css=&#8221;.vc_custom_1619644616891{margin-bottom: 0px !important;}&#8221;]<\/p>\n<p style=\"font-size: 37px; font-weight: 300; color: white; margin-bottom: 0px; line-height: 45px;\">T\u00fcm sorular\u0131n\u0131z i\u00e7in bize ula\u015f\u0131n.<\/p>\n<p style=\"font-size: 30px;\"><strong>+90 533 885 8101 \/ +90 392 228 0810<\/strong><\/p>\n<p>[\/vc_column_text][\/vc_column][vc_column width=&#8221;1\/6&#8243; css=&#8221;.vc_custom_1481367707658{padding-top: 0px !important;}&#8221;][vc_btn title=&#8221;<strong>\u0130LET\u0130\u015e\u0130M<\/strong>&#8221; style=&#8221;custom&#8221; custom_background=&#8221;#ffffff&#8221; custom_text=&#8221;#942b26&#8243; shape=&#8221;square&#8221; size=&#8221;lg&#8221; align=&#8221;center&#8221; css=&#8221;.vc_custom_1622972765604{margin-bottom: 0px !important;}&#8221; link=&#8221;url:http%3A%2F%2Fkaanhurelli.com%2Flipanew%2Filetisim%2F|title:%C4%B0LET%C4%B0%C5%9E%C4%B0M&#8221;][\/vc_column][\/vc_row][\/vc_section]<\/p>\n","protected":false},"excerpt":{"rendered":"<p>[vc_row][vc_column width=&#8221;1\/2&#8243;][vc_column_text]G\u00fcn\u00fcm\u00fczde giderek artan rekabetle beraber m\u00fc\u015fteri memnuniyet ara\u015ft\u0131rmalar\u0131 \u00a0\u015firketler i\u00e7in b\u00fcy\u00fck \u00f6nem arz etmekte ve s\u00fcrd\u00fcr\u00fclebilirliklerini b\u00fcy\u00fck \u00f6l\u00e7\u00fcde etkilemektedir.<\/p>\n","protected":false},"author":1,"featured_media":0,"parent":1514,"menu_order":0,"comment_status":"closed","ping_status":"closed","template":"","meta":{"footnotes":""},"class_list":["post-1653","page","type-page","status-publish","hentry"],"_links":{"self":[{"href":"http:\/\/lipaconsultancy.com\/site\/wp-json\/wp\/v2\/pages\/1653","targetHints":{"allow":["GET"]}}],"collection":[{"href":"http:\/\/lipaconsultancy.com\/site\/wp-json\/wp\/v2\/pages"}],"about":[{"href":"http:\/\/lipaconsultancy.com\/site\/wp-json\/wp\/v2\/types\/page"}],"author":[{"embeddable":true,"href":"http:\/\/lipaconsultancy.com\/site\/wp-json\/wp\/v2\/users\/1"}],"replies":[{"embeddable":true,"href":"http:\/\/lipaconsultancy.com\/site\/wp-json\/wp\/v2\/comments?post=1653"}],"version-history":[{"count":6,"href":"http:\/\/lipaconsultancy.com\/site\/wp-json\/wp\/v2\/pages\/1653\/revisions"}],"predecessor-version":[{"id":2307,"href":"http:\/\/lipaconsultancy.com\/site\/wp-json\/wp\/v2\/pages\/1653\/revisions\/2307"}],"up":[{"embeddable":true,"href":"http:\/\/lipaconsultancy.com\/site\/wp-json\/wp\/v2\/pages\/1514"}],"wp:attachment":[{"href":"http:\/\/lipaconsultancy.com\/site\/wp-json\/wp\/v2\/media?parent=1653"}],"curies":[{"name":"wp","href":"https:\/\/api.w.org\/{rel}","templated":true}]}}