{"id":1652,"date":"2021-05-02T19:59:08","date_gmt":"2021-05-02T19:59:08","guid":{"rendered":"http:\/\/kaanhurelli.com\/lipanew\/?page_id=1652"},"modified":"2021-06-30T13:55:39","modified_gmt":"2021-06-30T13:55:39","slug":"siyasi-egilimler-ve-kamuoyu-yoklamalari","status":"publish","type":"page","link":"http:\/\/lipaconsultancy.com\/site\/arastirma\/siyasi-egilimler-ve-kamuoyu-yoklamalari\/","title":{"rendered":"S\u0130YAS\u0130 E\u011e\u0130L\u0130MLER VE KAMUOYU YOKLAMALARI"},"content":{"rendered":"<p>[vc_row][vc_column width=&#8221;1\/2&#8243;][vc_column_text]Toplumun siyasi e\u011filimini etkileyen fakt\u00f6rlerden teknolojik geli\u015fmeler, sosyal ve ekonomik etkenlerin de\u011fi\u015fimi siyasetin dinami\u011fini s\u00fcrekli de\u011fi\u015ftirmektedir. De\u011fi\u015fen bu yap\u0131larla birlikte toplumun siyasi alg\u0131s\u0131 da ka\u00e7\u0131n\u0131lmaz olarak de\u011fi\u015fmektedir. Kamuoyunu me\u015fgul eden ve toplumun gelece\u011fini belirleyen \u00f6nemli unsurlardan biri olan siyasetin de\u011fi\u015fken yap\u0131s\u0131n\u0131 incelemek, Lipa olarak kuruldu\u011fumuz\u00a0 g\u00fcnden bu yana yapt\u0131\u011f\u0131m\u0131z \u00e7al\u0131\u015fmalardand\u0131r. Nicel ve nitel veri toplama y\u00f6ntemleri ile birlikte objektif bak\u0131\u015f a\u00e7\u0131m\u0131zla incelemelerde bulunup\u00a0 veri toplamaktay\u0131z. Bu t\u00fcr ara\u015ft\u0131rmalarda etik de\u011ferlere uygun davranma ve toplumu y\u00f6nlendirici faaliyetlerden ka\u00e7\u0131nma en \u00f6nemli de\u011ferimizdir.<\/p>\n<p>Etik kurallar \u00e7er\u00e7evesinde yap\u0131lan siyasi kamuoyu yoklamalar\u0131 sonucunda, siyasi partilerin oy potansiyeli, siyasi sorunlar ve ba\u015far\u0131lar ve h\u00fck\u00fcmet g\u00fcvenilirli\u011fi, vb. konular\u0131n analizi yap\u0131l\u0131p, gelece\u011fe y\u00f6nelik strateji belirlemede ve siyasi kurulu\u015flara ve topluma yol g\u00f6sterebilmekteyiz.[\/vc_column_text][\/vc_column][vc_column width=&#8221;1\/2&#8243;][vc_single_image image=&#8221;2299&#8243; img_size=&#8221;full&#8221;][\/vc_column][\/vc_row][vc_section full_width=&#8221;stretch_row&#8221; css=&#8221;.vc_custom_1481466023488{margin-bottom: -40px !important;padding-top: 0px !important;}&#8221;][vc_row full_width=&#8221;stretch_row&#8221; content_placement=&#8221;middle&#8221; css=&#8221;.vc_custom_1622972045656{margin-bottom: 0px !important;padding-top: 20px !important;padding-bottom: 20px !important;background: #942b26 url(http:\/\/dummy.xtemos.com\/basel\/vers\/wp-content\/uploads\/sites\/3\/2017\/01\/info-call-1.png?id=602) !important;background-position: 0 0 !important;background-repeat: no-repeat !important;}&#8221;][vc_column width=&#8221;5\/6&#8243; basel_color_scheme=&#8221;light&#8221; css=&#8221;.vc_custom_1481460303734{padding-top: 20px !important;padding-bottom: 20px !important;}&#8221;][vc_column_text css=&#8221;.vc_custom_1619644616891{margin-bottom: 0px !important;}&#8221;]<\/p>\n<p style=\"font-size: 37px; font-weight: 300; color: white; margin-bottom: 0px; line-height: 45px;\">T\u00fcm sorular\u0131n\u0131z i\u00e7in bize ula\u015f\u0131n.<\/p>\n<p style=\"font-size: 30px;\"><strong>+90 533 885 8101 \/ +90 392 228 0810<\/strong><\/p>\n<p>[\/vc_column_text][\/vc_column][vc_column width=&#8221;1\/6&#8243; css=&#8221;.vc_custom_1481367707658{padding-top: 0px !important;}&#8221;][vc_btn title=&#8221;<strong>\u0130LET\u0130\u015e\u0130M<\/strong>&#8221; style=&#8221;custom&#8221; custom_background=&#8221;#ffffff&#8221; custom_text=&#8221;#942b26&#8243; shape=&#8221;square&#8221; size=&#8221;lg&#8221; align=&#8221;center&#8221; css=&#8221;.vc_custom_1622972765604{margin-bottom: 0px !important;}&#8221; link=&#8221;url:http%3A%2F%2Fkaanhurelli.com%2Flipanew%2Filetisim%2F|title:%C4%B0LET%C4%B0%C5%9E%C4%B0M&#8221;][\/vc_column][\/vc_row][\/vc_section]<\/p>\n","protected":false},"excerpt":{"rendered":"<p>[vc_row][vc_column width=&#8221;1\/2&#8243;][vc_column_text]Toplumun siyasi e\u011filimini etkileyen fakt\u00f6rlerden teknolojik geli\u015fmeler, sosyal ve ekonomik etkenlerin de\u011fi\u015fimi siyasetin dinami\u011fini s\u00fcrekli de\u011fi\u015ftirmektedir. De\u011fi\u015fen bu yap\u0131larla<\/p>\n","protected":false},"author":1,"featured_media":0,"parent":1514,"menu_order":0,"comment_status":"closed","ping_status":"closed","template":"","meta":{"footnotes":""},"class_list":["post-1652","page","type-page","status-publish","hentry"],"_links":{"self":[{"href":"http:\/\/lipaconsultancy.com\/site\/wp-json\/wp\/v2\/pages\/1652","targetHints":{"allow":["GET"]}}],"collection":[{"href":"http:\/\/lipaconsultancy.com\/site\/wp-json\/wp\/v2\/pages"}],"about":[{"href":"http:\/\/lipaconsultancy.com\/site\/wp-json\/wp\/v2\/types\/page"}],"author":[{"embeddable":true,"href":"http:\/\/lipaconsultancy.com\/site\/wp-json\/wp\/v2\/users\/1"}],"replies":[{"embeddable":true,"href":"http:\/\/lipaconsultancy.com\/site\/wp-json\/wp\/v2\/comments?post=1652"}],"version-history":[{"count":6,"href":"http:\/\/lipaconsultancy.com\/site\/wp-json\/wp\/v2\/pages\/1652\/revisions"}],"predecessor-version":[{"id":2301,"href":"http:\/\/lipaconsultancy.com\/site\/wp-json\/wp\/v2\/pages\/1652\/revisions\/2301"}],"up":[{"embeddable":true,"href":"http:\/\/lipaconsultancy.com\/site\/wp-json\/wp\/v2\/pages\/1514"}],"wp:attachment":[{"href":"http:\/\/lipaconsultancy.com\/site\/wp-json\/wp\/v2\/media?parent=1652"}],"curies":[{"name":"wp","href":"https:\/\/api.w.org\/{rel}","templated":true}]}}