{"id":1651,"date":"2021-05-02T19:58:44","date_gmt":"2021-05-02T19:58:44","guid":{"rendered":"http:\/\/kaanhurelli.com\/lipanew\/?page_id=1651"},"modified":"2021-06-30T13:46:57","modified_gmt":"2021-06-30T13:46:57","slug":"uluslararasi-toplumsal-arastirmalar","status":"publish","type":"page","link":"http:\/\/lipaconsultancy.com\/site\/arastirma\/uluslararasi-toplumsal-arastirmalar\/","title":{"rendered":"ULUSLARARASI TOPLUMSAL ARA\u015eTIRMALAR"},"content":{"rendered":"<p>[vc_row][vc_column width=&#8221;1\/2&#8243;][vc_column_text]Toplumlar\u0131n kendine \u00f6zg\u00fc politik, ekonomik, sosyal ve k\u00fclt\u00fcrel normlar\u0131 ve de\u011ferleri vard\u0131r ve bu dinamikler s\u00fcrekli de\u011fi\u015fmekte ve toplumlar\u0131n gelece\u011fini belirlemektedir. Bu sebeple toplum ara\u015ft\u0131rmalar\u0131, de\u011fi\u015fen dinamikleri tespit etmede ve yol g\u00f6stermede \u00e7ok \u00f6nemlidir.<\/p>\n<p>Lipa\u2019da alan\u0131nda deneyimli ve e\u011fitimli uzmanlarca y\u00fcr\u00fct\u00fclen Uluslararas\u0131 Toplumsal Ara\u015ft\u0131rmalar, kalitatif ve kantitatif veri toplama y\u00f6ntemleri ile i\u00e7inde bulundu\u011fumuz toplumun s\u00fcrekli de\u011fi\u015fen yap\u0131s\u0131n\u0131 incelemekte ve sonu\u00e7lar\u0131n\u0131 veri haline d\u00f6n\u00fc\u015ft\u00fcrmektedir. Elde edilen verilerle \u00fclkenin refah seviyesi, demokrasi derecelendirilmesi, toplumsal cinsiyet analizi, toplum-devlet ili\u015fkileri, homofobi, vb. olgular analiz edilip bireylere ya\u015fad\u0131\u011f\u0131 toplumda fark\u0131ndal\u0131\u011f\u0131 art\u0131rma ve bilin\u00e7lendirmeyi hedeflemekteyiz.<\/p>\n<p>Uluslararas\u0131 toplumsal ara\u015ft\u0131rmalar ile \u00fclkeler di\u011fer \u00fclkelerle ve ge\u00e7mi\u015fle k\u0131yaslanabilir olmaktad\u0131r.[\/vc_column_text][\/vc_column][vc_column width=&#8221;1\/2&#8243;][vc_single_image image=&#8221;1976&#8243; img_size=&#8221;full&#8221;][\/vc_column][\/vc_row][vc_section full_width=&#8221;stretch_row&#8221; css=&#8221;.vc_custom_1481466023488{margin-bottom: -40px !important;padding-top: 0px !important;}&#8221;][vc_row full_width=&#8221;stretch_row&#8221; content_placement=&#8221;middle&#8221; css=&#8221;.vc_custom_1622972045656{margin-bottom: 0px !important;padding-top: 20px !important;padding-bottom: 20px !important;background: #942b26 url(http:\/\/dummy.xtemos.com\/basel\/vers\/wp-content\/uploads\/sites\/3\/2017\/01\/info-call-1.png?id=602) !important;background-position: 0 0 !important;background-repeat: no-repeat !important;}&#8221;][vc_column width=&#8221;5\/6&#8243; basel_color_scheme=&#8221;light&#8221; css=&#8221;.vc_custom_1481460303734{padding-top: 20px !important;padding-bottom: 20px !important;}&#8221;][vc_column_text css=&#8221;.vc_custom_1619644616891{margin-bottom: 0px !important;}&#8221;]<\/p>\n<p style=\"font-size: 37px; font-weight: 300; color: white; margin-bottom: 0px; line-height: 45px;\">T\u00fcm sorular\u0131n\u0131z i\u00e7in bize ula\u015f\u0131n.<\/p>\n<p style=\"font-size: 30px;\"><strong>+90 533 885 8101 \/ +90 392 228 0810<\/strong><\/p>\n<p>[\/vc_column_text][\/vc_column][vc_column width=&#8221;1\/6&#8243; css=&#8221;.vc_custom_1481367707658{padding-top: 0px !important;}&#8221;][vc_btn title=&#8221;<strong>\u0130LET\u0130\u015e\u0130M<\/strong>&#8221; style=&#8221;custom&#8221; custom_background=&#8221;#ffffff&#8221; custom_text=&#8221;#942b26&#8243; shape=&#8221;square&#8221; size=&#8221;lg&#8221; align=&#8221;center&#8221; css=&#8221;.vc_custom_1622972765604{margin-bottom: 0px !important;}&#8221; link=&#8221;url:http%3A%2F%2Fkaanhurelli.com%2Flipanew%2Filetisim%2F|title:%C4%B0LET%C4%B0%C5%9E%C4%B0M&#8221;][\/vc_column][\/vc_row][\/vc_section]<\/p>\n","protected":false},"excerpt":{"rendered":"<p>[vc_row][vc_column width=&#8221;1\/2&#8243;][vc_column_text]Toplumlar\u0131n kendine \u00f6zg\u00fc politik, ekonomik, sosyal ve k\u00fclt\u00fcrel normlar\u0131 ve de\u011ferleri vard\u0131r ve bu dinamikler s\u00fcrekli de\u011fi\u015fmekte ve toplumlar\u0131n<\/p>\n","protected":false},"author":1,"featured_media":0,"parent":1514,"menu_order":0,"comment_status":"closed","ping_status":"closed","template":"","meta":{"footnotes":""},"class_list":["post-1651","page","type-page","status-publish","hentry"],"_links":{"self":[{"href":"http:\/\/lipaconsultancy.com\/site\/wp-json\/wp\/v2\/pages\/1651","targetHints":{"allow":["GET"]}}],"collection":[{"href":"http:\/\/lipaconsultancy.com\/site\/wp-json\/wp\/v2\/pages"}],"about":[{"href":"http:\/\/lipaconsultancy.com\/site\/wp-json\/wp\/v2\/types\/page"}],"author":[{"embeddable":true,"href":"http:\/\/lipaconsultancy.com\/site\/wp-json\/wp\/v2\/users\/1"}],"replies":[{"embeddable":true,"href":"http:\/\/lipaconsultancy.com\/site\/wp-json\/wp\/v2\/comments?post=1651"}],"version-history":[{"count":7,"href":"http:\/\/lipaconsultancy.com\/site\/wp-json\/wp\/v2\/pages\/1651\/revisions"}],"predecessor-version":[{"id":2296,"href":"http:\/\/lipaconsultancy.com\/site\/wp-json\/wp\/v2\/pages\/1651\/revisions\/2296"}],"up":[{"embeddable":true,"href":"http:\/\/lipaconsultancy.com\/site\/wp-json\/wp\/v2\/pages\/1514"}],"wp:attachment":[{"href":"http:\/\/lipaconsultancy.com\/site\/wp-json\/wp\/v2\/media?parent=1651"}],"curies":[{"name":"wp","href":"https:\/\/api.w.org\/{rel}","templated":true}]}}