{"id":1650,"date":"2021-05-02T19:58:29","date_gmt":"2021-05-02T19:58:29","guid":{"rendered":"http:\/\/kaanhurelli.com\/lipanew\/?page_id=1650"},"modified":"2021-06-06T09:25:45","modified_gmt":"2021-06-06T09:25:45","slug":"kapasitemiz","status":"publish","type":"page","link":"http:\/\/lipaconsultancy.com\/site\/arastirma\/kapasitemiz\/","title":{"rendered":"KAPAS\u0130TEM\u0130Z"},"content":{"rendered":"<p>[vc_row][vc_column][vc_empty_space height=&#8221;20px&#8221;][vc_custom_heading text=&#8221;Yerel ve Uluslararas\u0131 Kurumlar ve \u0130\u015fletmelere \u00c7\u00f6z\u00fcmler Sunan Bir<br \/>\nDan\u0131\u015fmanl\u0131k ve Ara\u015ft\u0131rma \u015eirketiyiz.&#8221; font_container=&#8221;tag:h2|text_align:center&#8221; google_fonts=&#8221;font_family:Archivo%20Black%3Aregular|font_style:400%20regular%3A400%3Anormal&#8221;][vc_empty_space height=&#8221;20px&#8221;][\/vc_column][\/vc_row][vc_row][vc_column width=&#8221;1\/2&#8243;][vc_column_text]Profesyonel \u00e7al\u0131\u015fmay\u0131 ama\u00e7 edinen ve dinamik bir kadroya sahip Lipa Consultancy kalitatif ve kantitatif veri toplama tekniklerini uluslararas\u0131 standartlarda uygulama konusunda olduk\u00e7a geni\u015f bir tecr\u00fcbe ve bilgi birikimine sahiptir. Bu birikim y\u0131llar boyunca \u00e7e\u015fitli sekt\u00f6rler ile yap\u0131lan \u00e7al\u0131\u015fmalar edinilmi\u015f ve teknoloji kullan\u0131m\u0131 ile s\u00fcrekli geli\u015ftirilmi\u015ftir.<\/p>\n<p>Lipa Consultancy b\u00fcnyesinde alan\u0131nda uzman sosyolog, istatistik uzman\u0131, psikolog hizmet vermekte ve hizmet kalitemizin s\u00fcreklili\u011fi i\u00e7in \u00e7al\u0131\u015fmaktad\u0131r. \u0130nsan kaynaklar\u0131na yat\u0131r\u0131m, e\u011fitim ve teknoloji kullan\u0131m\u0131 Lipa\u2019n\u0131n hizmet kalitesini ve m\u00fc\u015fteri memnuniyetini s\u00fcrekli art\u0131rmas\u0131 i\u00e7in en \u00f6nemli ara\u00e7lardan biri olmu\u015ftur. Bu sebeple veri toplama s\u00fcre\u00e7lerinden analize ve anket\u00f6r e\u011fitimlerine kadar t\u00fcm s\u00fcre\u00e7lerde kapasitemizin art\u0131r\u0131lmas\u0131 ve s\u00fcrekli geli\u015fim en \u00f6nemli amac\u0131m\u0131z olmu\u015ftur.[\/vc_column_text][\/vc_column][vc_column width=&#8221;1\/2&#8243;][vc_single_image image=&#8221;1473&#8243; img_size=&#8221;full&#8221;][\/vc_column][\/vc_row][vc_row css_animation=&#8221;slideInUp&#8221;][vc_column][vc_custom_heading text=&#8221;CAPI (Computer Assisted Personalised Interviewing) Y\u00fczy\u00fcze Anket&#8221; font_container=&#8221;tag:h3|text_align:left&#8221; use_theme_fonts=&#8221;yes&#8221;][vc_column_text]Kulland\u0131\u011f\u0131m\u0131z \u00f6zel yaz\u0131l\u0131mlar sayesinde soru formunun dijital ortama aktar\u0131lmas\u0131 ve y\u00fczy\u00fcze anketlerin bu dijital platform \u00fczerinden uygulamas\u0131n\u0131 yapmakty\u0131z. Bu y\u00f6ntem veri g\u00fcvenli\u011fi, ver kalitesi ve veri toplama h\u0131z\u0131 anlam\u0131nda olduk\u00e7a avantajl\u0131 olmakta ve y\u00fczy\u00fcze anket uygulamalar\u0131nda\u00a0 d\u00fcnyada en s\u0131k kullan\u0131lan y\u00f6ntemdir.[\/vc_column_text][\/vc_column][\/vc_row][vc_row css_animation=&#8221;slideInUp&#8221;][vc_column][vc_custom_heading text=&#8221;CATI (Computer Assisted Telephony Interviewing) Telefon Anketi&#8221; font_container=&#8221;tag:h3|text_align:left&#8221; use_theme_fonts=&#8221;yes&#8221;][vc_column_text]Bir yaz\u0131l\u0131m ortam\u0131nda otomatik \u015fekilde \u00fcretilen numaralar sayesinde yap\u0131lan telefon aramalar\u0131 ve dijital ortamdaki soru formunun uyguland\u0131\u011f\u0131 sistemimizde yasal s\u00fcre\u00e7lere ba\u011fl\u0131 kalacak \u015fekilde g\u00f6r\u00fc\u015fmelerin kay\u0131t alt\u0131na al\u0131nmas\u0131 da dahil olmak \u00fczere teknolojiden olduk\u00e7a faydalanmakta ve veri kalitesi ve veri g\u00fcvenli\u011fi en iyi \u015fekilde sa\u011flanmaktad\u0131r. G\u00fcn\u00fcm\u00fczde k\u0131sa s\u00fcreli ve d\u00fc\u015f\u00fck b\u00fct\u00e7eli anketlerin uygulanmas\u0131nda CATI y\u00f6ntemi olduk\u00e7a s\u0131k kullan\u0131lmaktad\u0131r.[\/vc_column_text][\/vc_column][\/vc_row][vc_row css_animation=&#8221;slideInUp&#8221;][vc_column][vc_custom_heading text=&#8221;CAWI (Computer Assisted Web Interviewing)&#8221; font_container=&#8221;tag:h3|text_align:left&#8221; use_theme_fonts=&#8221;yes&#8221;][vc_column_text]CAWI sistemimiz ile kat\u0131l\u0131mc\u0131lara g\u00f6nderilen link \u00fczerinden kat\u0131l\u0131mc\u0131 bilgisayar, tablet veya cep telefonu kullanarak da anket soru formunu doldurabilmektedir. Bu metodoloji spesifik gruplar i\u00e7in uygulanabilen en etkili y\u00f6ntemlerden biri olarak hizmet kapsam\u0131m\u0131zda \u00f6nemli bir yer tutmaktad\u0131r.[\/vc_column_text][\/vc_column][\/vc_row][vc_row css_animation=&#8221;slideInUp&#8221;][vc_column][vc_custom_heading text=&#8221;Odak Grup \u00c7al\u0131\u015fmalar\u0131&#8221; font_container=&#8221;tag:h3|text_align:left&#8221; use_theme_fonts=&#8221;yes&#8221;][vc_column_text]Odak grup \u00e7al\u0131\u015fmalar\u0131 konusunda geni\u015f bir kat\u0131l\u0131mc\u0131 bulma portf\u00f6y\u00fcm\u00fcz bulunmaktad\u0131r. Kat\u0131l\u0131mc\u0131lar M\u00fc\u015fteri taraf\u0131ndan talep edilen segment, profil ve kota do\u011frultusunda uygun ve h\u0131zl\u0131 bir \u015fekilde gruplar olu\u015fturulmakta ve \u00e7e\u015fitli teknikler kullan\u0131larak odak grup \u00e7al\u0131\u015fmalar\u0131 y\u00f6netilebilmekte ve raporlanmaktad\u0131r.[\/vc_column_text][\/vc_column][\/vc_row][vc_row css_animation=&#8221;slideInUp&#8221;][vc_column][vc_custom_heading text=&#8221;Gizli M\u00fc\u015fteri&#8221; font_container=&#8221;tag:h3|text_align:left&#8221; use_theme_fonts=&#8221;yes&#8221;][vc_column_text]Perakende sat\u0131\u015f ve hizmet sekt\u00f6rleri ba\u015fta olmak \u00fczere bir\u00e7ok sekt\u00f6r i\u00e7in planogram izleme ve gizli m\u00fc\u015fteri ziyaretleri ger\u00e7ekle\u015ftirmekteyiz. Y\u0131llar i\u00e7erisinde bu kapsamda geli\u015ftirmi\u015f oldu\u011fumuz kapasite ve tecr\u00fcbe yerel ve uluslararas\u0131 m\u00fc\u015fterilerimizin bir\u00e7ok ihtiyac\u0131na \u00e7\u00f6z\u00fcm \u00fcretebilmektedir.[\/vc_column_text][\/vc_column][\/vc_row][vc_section full_width=&#8221;stretch_row&#8221; css=&#8221;.vc_custom_1481466023488{margin-bottom: -40px !important;padding-top: 0px !important;}&#8221;][vc_row full_width=&#8221;stretch_row&#8221; content_placement=&#8221;middle&#8221; css=&#8221;.vc_custom_1622971538967{margin-bottom: 0px !important;padding-top: 20px !important;padding-bottom: 20px !important;background: #942b26 url(http:\/\/dummy.xtemos.com\/basel\/vers\/wp-content\/uploads\/sites\/3\/2017\/01\/info-call-1.png?id=602) !important;background-position: 0 0 !important;background-repeat: no-repeat !important;}&#8221;][vc_column width=&#8221;5\/6&#8243; basel_color_scheme=&#8221;light&#8221; css=&#8221;.vc_custom_1481460303734{padding-top: 20px !important;padding-bottom: 20px !important;}&#8221;][vc_column_text css=&#8221;.vc_custom_1619644616891{margin-bottom: 0px !important;}&#8221;]<\/p>\n<p style=\"font-size: 37px; font-weight: 300; color: white; margin-bottom: 0px; line-height: 45px;\">T\u00fcm sorular\u0131n\u0131z i\u00e7in bize ula\u015f\u0131n.<\/p>\n<p style=\"font-size: 30px;\"><strong>+90 533 885 8101 \/ +90 392 228 0810<\/strong><\/p>\n<p>[\/vc_column_text][\/vc_column][vc_column width=&#8221;1\/6&#8243; css=&#8221;.vc_custom_1481367707658{padding-top: 0px !important;}&#8221;][vc_btn title=&#8221;<strong>\u0130LET\u0130\u015e\u0130M<\/strong>&#8221; style=&#8221;custom&#8221; custom_background=&#8221;#ffffff&#8221; custom_text=&#8221;#942b26&#8243; shape=&#8221;square&#8221; size=&#8221;lg&#8221; align=&#8221;center&#8221; css=&#8221;.vc_custom_1622971571724{margin-bottom: 0px !important;}&#8221;][\/vc_column][\/vc_row][\/vc_section]<\/p>\n","protected":false},"excerpt":{"rendered":"<p>[vc_row][vc_column][vc_empty_space height=&#8221;20px&#8221;][vc_custom_heading text=&#8221;Yerel ve Uluslararas\u0131 Kurumlar ve \u0130\u015fletmelere \u00c7\u00f6z\u00fcmler Sunan Bir Dan\u0131\u015fmanl\u0131k ve Ara\u015ft\u0131rma \u015eirketiyiz.&#8221; font_container=&#8221;tag:h2|text_align:center&#8221; google_fonts=&#8221;font_family:Archivo%20Black%3Aregular|font_style:400%20regular%3A400%3Anormal&#8221;][vc_empty_space height=&#8221;20px&#8221;][\/vc_column][\/vc_row][vc_row][vc_column width=&#8221;1\/2&#8243;][vc_column_text]Profesyonel \u00e7al\u0131\u015fmay\u0131<\/p>\n","protected":false},"author":1,"featured_media":0,"parent":1514,"menu_order":0,"comment_status":"closed","ping_status":"closed","template":"","meta":{"footnotes":""},"class_list":["post-1650","page","type-page","status-publish","hentry"],"_links":{"self":[{"href":"http:\/\/lipaconsultancy.com\/site\/wp-json\/wp\/v2\/pages\/1650","targetHints":{"allow":["GET"]}}],"collection":[{"href":"http:\/\/lipaconsultancy.com\/site\/wp-json\/wp\/v2\/pages"}],"about":[{"href":"http:\/\/lipaconsultancy.com\/site\/wp-json\/wp\/v2\/types\/page"}],"author":[{"embeddable":true,"href":"http:\/\/lipaconsultancy.com\/site\/wp-json\/wp\/v2\/users\/1"}],"replies":[{"embeddable":true,"href":"http:\/\/lipaconsultancy.com\/site\/wp-json\/wp\/v2\/comments?post=1650"}],"version-history":[{"count":4,"href":"http:\/\/lipaconsultancy.com\/site\/wp-json\/wp\/v2\/pages\/1650\/revisions"}],"predecessor-version":[{"id":1933,"href":"http:\/\/lipaconsultancy.com\/site\/wp-json\/wp\/v2\/pages\/1650\/revisions\/1933"}],"up":[{"embeddable":true,"href":"http:\/\/lipaconsultancy.com\/site\/wp-json\/wp\/v2\/pages\/1514"}],"wp:attachment":[{"href":"http:\/\/lipaconsultancy.com\/site\/wp-json\/wp\/v2\/media?parent=1650"}],"curies":[{"name":"wp","href":"https:\/\/api.w.org\/{rel}","templated":true}]}}