{"id":1646,"date":"2021-05-02T19:31:38","date_gmt":"2021-05-02T19:31:38","guid":{"rendered":"http:\/\/kaanhurelli.com\/lipanew\/?page_id=1646"},"modified":"2021-06-06T20:37:00","modified_gmt":"2021-06-06T20:37:00","slug":"perakende-lokasyon-danismanligi","status":"publish","type":"page","link":"http:\/\/lipaconsultancy.com\/site\/danismanlik\/yatirim\/perakende-lokasyon-danismanligi\/","title":{"rendered":"PERAKENDE LOKASYON DANI\u015eMANLI\u011eI"},"content":{"rendered":"<p>[vc_row][vc_column][vc_empty_space height=&#8221;20px&#8221;][\/vc_column][\/vc_row][vc_row][vc_column width=&#8221;1\/2&#8243;][vc_column_text]Franschise veya kendi sahip oldu\u011funuz markan\u0131z\u0131n belirlenmi\u015f bir yer veya b\u00f6lge i\u00e7erisinde a\u00e7\u0131lmas\u0131 durumunda ne b\u00fcy\u00fckl\u00fckte bir sat\u0131\u015f cirosu yapabilece\u011finin analizini yat\u0131r\u0131m \u00f6ncesinde tahmin edebilmek yat\u0131r\u0131mlar\u0131n\u0131z\u0131 daha g\u00fcvenli \u015fekilde yapman\u0131za olanak sa\u011flayacakt\u0131r.<\/p>\n<p>Dan\u0131\u015fman ekibimiz ve uygulad\u0131\u011f\u0131m\u0131z metotlar ile sizlere bu konuda yard\u0131mc\u0131 olabilir, t\u00fcketicilerin farkl\u0131 ma\u011faza noktalar\u0131na y\u00f6nelik olas\u0131l\u0131kl\u0131 alg\u0131lar\u0131n\u0131 analiz edebilir, tahmini g\u00fcnl\u00fck\/ayl\u0131k sat\u0131\u015f gelirlerinizi tahmin edebilir ve isterseniz bir fizibilite \u00e7al\u0131\u015fmas\u0131 ile yat\u0131r\u0131m\u0131z\u0131n\u0131z geri d\u00f6n\u00fc\u015f\u00fcn\u00fcn hesaplanmas\u0131nda size destek olabiliriz.<\/p>\n<p>Yat\u0131r\u0131m\u0131 ger\u00e7ekle\u015ftirmeden elde edece\u011finiz bu bilgiler yat\u0131r\u0131m karar\u0131n\u0131z\u0131n \u015fekillenmesine olanak sa\u011flayacakt\u0131r. Di\u011fer taraftan, d\u00fc\u015f\u00fck performans g\u00f6steren sat\u0131\u015f noktan\u0131z\u0131n performans\u0131n\u0131 art\u0131rmak i\u00e7in de benzer bir y\u00f6ntem uygulay\u0131p ma\u011fazan\u0131z\u0131n performans\u0131n\u0131 nekadar ve ne \u015fekilde art\u0131rabilece\u011fi konusunda bizden destek alabilirsiniz.[\/vc_column_text][\/vc_column][vc_column width=&#8221;1\/2&#8243;][vc_single_image image=&#8221;1980&#8243; img_size=&#8221;full&#8221;][\/vc_column][\/vc_row][vc_section full_width=&#8221;stretch_row&#8221; css=&#8221;.vc_custom_1481466023488{margin-bottom: -40px !important;padding-top: 0px !important;}&#8221;][vc_row full_width=&#8221;stretch_row&#8221; content_placement=&#8221;middle&#8221; css=&#8221;.vc_custom_1622972045656{margin-bottom: 0px !important;padding-top: 20px !important;padding-bottom: 20px !important;background: #942b26 url(http:\/\/dummy.xtemos.com\/basel\/vers\/wp-content\/uploads\/sites\/3\/2017\/01\/info-call-1.png?id=602) !important;background-position: 0 0 !important;background-repeat: no-repeat !important;}&#8221;][vc_column width=&#8221;5\/6&#8243; basel_color_scheme=&#8221;light&#8221; css=&#8221;.vc_custom_1481460303734{padding-top: 20px !important;padding-bottom: 20px !important;}&#8221;][vc_column_text css=&#8221;.vc_custom_1619644616891{margin-bottom: 0px !important;}&#8221;]<\/p>\n<p style=\"font-size: 37px; font-weight: 300; color: white; margin-bottom: 0px; line-height: 45px;\">T\u00fcm sorular\u0131n\u0131z i\u00e7in bize ula\u015f\u0131n.<\/p>\n<p style=\"font-size: 30px;\"><strong>+90 533 885 8101 \/ +90 392 228 0810<\/strong><\/p>\n<p>[\/vc_column_text][\/vc_column][vc_column width=&#8221;1\/6&#8243; css=&#8221;.vc_custom_1481367707658{padding-top: 0px !important;}&#8221;][vc_btn title=&#8221;<strong>\u0130LET\u0130\u015e\u0130M<\/strong>&#8221; style=&#8221;custom&#8221; custom_background=&#8221;#ffffff&#8221; custom_text=&#8221;#942b26&#8243; shape=&#8221;square&#8221; size=&#8221;lg&#8221; align=&#8221;center&#8221; css=&#8221;.vc_custom_1622972765604{margin-bottom: 0px !important;}&#8221; link=&#8221;url:http%3A%2F%2Fkaanhurelli.com%2Flipanew%2Filetisim%2F|title:%C4%B0LET%C4%B0%C5%9E%C4%B0M&#8221;][\/vc_column][\/vc_row][\/vc_section]<\/p>\n","protected":false},"excerpt":{"rendered":"<p>[vc_row][vc_column][vc_empty_space height=&#8221;20px&#8221;][\/vc_column][\/vc_row][vc_row][vc_column width=&#8221;1\/2&#8243;][vc_column_text]Franschise veya kendi sahip oldu\u011funuz markan\u0131z\u0131n belirlenmi\u015f bir yer veya b\u00f6lge i\u00e7erisinde a\u00e7\u0131lmas\u0131 durumunda ne b\u00fcy\u00fckl\u00fckte bir sat\u0131\u015f<\/p>\n","protected":false},"author":1,"featured_media":0,"parent":1638,"menu_order":0,"comment_status":"closed","ping_status":"closed","template":"","meta":{"footnotes":""},"class_list":["post-1646","page","type-page","status-publish","hentry"],"_links":{"self":[{"href":"http:\/\/lipaconsultancy.com\/site\/wp-json\/wp\/v2\/pages\/1646","targetHints":{"allow":["GET"]}}],"collection":[{"href":"http:\/\/lipaconsultancy.com\/site\/wp-json\/wp\/v2\/pages"}],"about":[{"href":"http:\/\/lipaconsultancy.com\/site\/wp-json\/wp\/v2\/types\/page"}],"author":[{"embeddable":true,"href":"http:\/\/lipaconsultancy.com\/site\/wp-json\/wp\/v2\/users\/1"}],"replies":[{"embeddable":true,"href":"http:\/\/lipaconsultancy.com\/site\/wp-json\/wp\/v2\/comments?post=1646"}],"version-history":[{"count":3,"href":"http:\/\/lipaconsultancy.com\/site\/wp-json\/wp\/v2\/pages\/1646\/revisions"}],"predecessor-version":[{"id":1981,"href":"http:\/\/lipaconsultancy.com\/site\/wp-json\/wp\/v2\/pages\/1646\/revisions\/1981"}],"up":[{"embeddable":true,"href":"http:\/\/lipaconsultancy.com\/site\/wp-json\/wp\/v2\/pages\/1638"}],"wp:attachment":[{"href":"http:\/\/lipaconsultancy.com\/site\/wp-json\/wp\/v2\/media?parent=1646"}],"curies":[{"name":"wp","href":"https:\/\/api.w.org\/{rel}","templated":true}]}}