{"id":1640,"date":"2021-05-02T19:24:09","date_gmt":"2021-05-02T19:24:09","guid":{"rendered":"http:\/\/kaanhurelli.com\/lipanew\/?page_id=1640"},"modified":"2021-06-06T20:47:49","modified_gmt":"2021-06-06T20:47:49","slug":"maliyetlendirme-ve-karlilik-analizi","status":"publish","type":"page","link":"http:\/\/lipaconsultancy.com\/site\/danismanlik\/satis-ve-pazarlama\/maliyetlendirme-ve-karlilik-analizi\/","title":{"rendered":"MAL\u0130YETLEND\u0130RME VE KARLILIK ANAL\u0130Z\u0130"},"content":{"rendered":"<p>[vc_row][vc_column][vc_empty_space height=&#8221;20px&#8221;][\/vc_column][\/vc_row][vc_row][vc_column width=&#8221;1\/2&#8243;][vc_column_text]\u015eirketler g\u00fcn\u00fcm\u00fczde daha rekabet\u00e7i olabilmek i\u00e7in d\u00fc\u015f\u00fck karl\u0131l\u0131klar\u0131n\u0131n nedenlerini ara\u015ft\u0131r\u0131p, \u00fcr\u00fcn karmalar\u0131ndaki en karl\u0131 \u00fcr\u00fcnlerini belirleyerek ve finansal performanslar\u0131na en olumlu etkisi olacak m\u00fc\u015fteri gruplar\u0131n\u0131 se\u00e7erek buna y\u00f6nelik bir odaklanma ve karl\u0131l\u0131k art\u0131\u015f\u0131 aray\u0131\u015f\u0131na girmektedirler. Ama, bu t\u00fcr \u00e7ok fonksiyonlu ve karma\u015f\u0131k konularda K\u0131br\u0131s gibi k\u00fc\u00e7\u00fck bir \u00f6l\u00e7ekte en do\u011fru karar\u0131n verilmesi kolay de\u011fildir.<\/p>\n<p>\u015eirketiniz i\u00e7in maliyetlendirmeyi anlamak, maliyeti olu\u015fturan birimleri analiz etmek, sat\u0131\u015f ve karl\u0131l\u0131k performans\u0131na en \u00e7ok etkisi olan maliyet birimlerini saptamak ve bunlarla ilgili gerekli aksiyonlar\u0131 alabilmek \u00f6nemlidir.<\/p>\n<p>Dan\u0131\u015fmanl\u0131k ekibimiz bu konularda, en iyi uygulamalar yard\u0131m\u0131yla sizlere hizmet sunmaktad\u0131r.[\/vc_column_text][\/vc_column][vc_column width=&#8221;1\/2&#8243;][vc_single_image image=&#8221;1986&#8243; img_size=&#8221;full&#8221;][\/vc_column][\/vc_row][vc_section full_width=&#8221;stretch_row&#8221; css=&#8221;.vc_custom_1481466023488{margin-bottom: -40px !important;padding-top: 0px !important;}&#8221;][vc_row full_width=&#8221;stretch_row&#8221; content_placement=&#8221;middle&#8221; css=&#8221;.vc_custom_1622972045656{margin-bottom: 0px !important;padding-top: 20px !important;padding-bottom: 20px !important;background: #942b26 url(http:\/\/dummy.xtemos.com\/basel\/vers\/wp-content\/uploads\/sites\/3\/2017\/01\/info-call-1.png?id=602) !important;background-position: 0 0 !important;background-repeat: no-repeat !important;}&#8221;][vc_column width=&#8221;5\/6&#8243; basel_color_scheme=&#8221;light&#8221; css=&#8221;.vc_custom_1481460303734{padding-top: 20px !important;padding-bottom: 20px !important;}&#8221;][vc_column_text css=&#8221;.vc_custom_1619644616891{margin-bottom: 0px !important;}&#8221;]<\/p>\n<p style=\"font-size: 37px; font-weight: 300; color: white; margin-bottom: 0px; line-height: 45px;\">T\u00fcm sorular\u0131n\u0131z i\u00e7in bize ula\u015f\u0131n.<\/p>\n<p style=\"font-size: 30px;\"><strong>+90 533 885 8101 \/ +90 392 228 0810<\/strong><\/p>\n<p>[\/vc_column_text][\/vc_column][vc_column width=&#8221;1\/6&#8243; css=&#8221;.vc_custom_1481367707658{padding-top: 0px !important;}&#8221;][vc_btn title=&#8221;<strong>\u0130LET\u0130\u015e\u0130M<\/strong>&#8221; style=&#8221;custom&#8221; custom_background=&#8221;#ffffff&#8221; custom_text=&#8221;#942b26&#8243; shape=&#8221;square&#8221; size=&#8221;lg&#8221; align=&#8221;center&#8221; css=&#8221;.vc_custom_1622972765604{margin-bottom: 0px !important;}&#8221; link=&#8221;url:http%3A%2F%2Fkaanhurelli.com%2Flipanew%2Filetisim%2F|title:%C4%B0LET%C4%B0%C5%9E%C4%B0M&#8221;][\/vc_column][\/vc_row][\/vc_section]<\/p>\n","protected":false},"excerpt":{"rendered":"<p>[vc_row][vc_column][vc_empty_space height=&#8221;20px&#8221;][\/vc_column][\/vc_row][vc_row][vc_column width=&#8221;1\/2&#8243;][vc_column_text]\u015eirketler g\u00fcn\u00fcm\u00fczde daha rekabet\u00e7i olabilmek i\u00e7in d\u00fc\u015f\u00fck karl\u0131l\u0131klar\u0131n\u0131n nedenlerini ara\u015ft\u0131r\u0131p, \u00fcr\u00fcn karmalar\u0131ndaki en karl\u0131 \u00fcr\u00fcnlerini belirleyerek ve finansal<\/p>\n","protected":false},"author":1,"featured_media":0,"parent":1628,"menu_order":0,"comment_status":"closed","ping_status":"closed","template":"","meta":{"footnotes":""},"class_list":["post-1640","page","type-page","status-publish","hentry"],"_links":{"self":[{"href":"http:\/\/lipaconsultancy.com\/site\/wp-json\/wp\/v2\/pages\/1640","targetHints":{"allow":["GET"]}}],"collection":[{"href":"http:\/\/lipaconsultancy.com\/site\/wp-json\/wp\/v2\/pages"}],"about":[{"href":"http:\/\/lipaconsultancy.com\/site\/wp-json\/wp\/v2\/types\/page"}],"author":[{"embeddable":true,"href":"http:\/\/lipaconsultancy.com\/site\/wp-json\/wp\/v2\/users\/1"}],"replies":[{"embeddable":true,"href":"http:\/\/lipaconsultancy.com\/site\/wp-json\/wp\/v2\/comments?post=1640"}],"version-history":[{"count":4,"href":"http:\/\/lipaconsultancy.com\/site\/wp-json\/wp\/v2\/pages\/1640\/revisions"}],"predecessor-version":[{"id":1987,"href":"http:\/\/lipaconsultancy.com\/site\/wp-json\/wp\/v2\/pages\/1640\/revisions\/1987"}],"up":[{"embeddable":true,"href":"http:\/\/lipaconsultancy.com\/site\/wp-json\/wp\/v2\/pages\/1628"}],"wp:attachment":[{"href":"http:\/\/lipaconsultancy.com\/site\/wp-json\/wp\/v2\/media?parent=1640"}],"curies":[{"name":"wp","href":"https:\/\/api.w.org\/{rel}","templated":true}]}}