{"id":1637,"date":"2021-05-02T19:22:56","date_gmt":"2021-05-02T19:22:56","guid":{"rendered":"http:\/\/kaanhurelli.com\/lipanew\/?page_id=1637"},"modified":"2021-06-13T19:58:23","modified_gmt":"2021-06-13T19:58:23","slug":"satis-kanali-organizasyonu","status":"publish","type":"page","link":"http:\/\/lipaconsultancy.com\/site\/danismanlik\/satis-ve-pazarlama\/satis-kanali-organizasyonu\/","title":{"rendered":"SATI\u015e KANALI ORGAN\u0130ZASYONU"},"content":{"rendered":"<p>[vc_row][vc_column][vc_empty_space height=&#8221;20px&#8221;][\/vc_column][\/vc_row][vc_row][vc_column width=&#8221;1\/2&#8243;][vc_column_text]\u015eirketinizin g\u00f6r\u00fcnen y\u00fcz\u00fc olarak sahada m\u00fc\u015fteri ile birebir ileti\u015fim kurarak \u00fcr\u00fcn sat\u0131\u015f\u0131nda \u00f6nemli rol oynayan sat\u0131\u015f ekiplerinin \u00f6nemi her ge\u00e7en g\u00fcn artmaktad\u0131r. Sat\u0131\u015f ekiplerinin se\u00e7ilmesi, geli\u015ftirilmesi, ziyaret planlar\u0131 ve performans de\u011ferlendirme sistemlerinin hedeflerinin olu\u015fturulmas\u0131n\u0131 uzman ekibimiz ile birlikte kurabilir veya mevcut sistemlerinizi geli\u015ftirebilirsiniz. Size sunaca\u011f\u0131m\u0131z \u00e7\u00f6z\u00fcmler sayesinde sat\u0131\u015f kanal\u0131 performans\u0131n\u0131z\u0131 daha da art\u0131rabilirsiniz.[\/vc_column_text][\/vc_column][vc_column width=&#8221;1\/2&#8243;][vc_single_image image=&#8221;2043&#8243; img_size=&#8221;full&#8221;][\/vc_column][\/vc_row][vc_section full_width=&#8221;stretch_row&#8221; css=&#8221;.vc_custom_1481466023488{margin-bottom: -40px !important;padding-top: 0px !important;}&#8221;][vc_row full_width=&#8221;stretch_row&#8221; content_placement=&#8221;middle&#8221; css=&#8221;.vc_custom_1622972045656{margin-bottom: 0px !important;padding-top: 20px !important;padding-bottom: 20px !important;background: #942b26 url(http:\/\/dummy.xtemos.com\/basel\/vers\/wp-content\/uploads\/sites\/3\/2017\/01\/info-call-1.png?id=602) !important;background-position: 0 0 !important;background-repeat: no-repeat !important;}&#8221;][vc_column width=&#8221;5\/6&#8243; basel_color_scheme=&#8221;light&#8221; css=&#8221;.vc_custom_1481460303734{padding-top: 20px !important;padding-bottom: 20px !important;}&#8221;][vc_column_text css=&#8221;.vc_custom_1619644616891{margin-bottom: 0px !important;}&#8221;]<\/p>\n<p style=\"font-size: 37px; font-weight: 300; color: white; margin-bottom: 0px; line-height: 45px;\">T\u00fcm sorular\u0131n\u0131z i\u00e7in bize ula\u015f\u0131n.<\/p>\n<p style=\"font-size: 30px;\"><strong>+90 533 885 8101 \/ +90 392 228 0810<\/strong><\/p>\n<p>[\/vc_column_text][\/vc_column][vc_column width=&#8221;1\/6&#8243; css=&#8221;.vc_custom_1481367707658{padding-top: 0px !important;}&#8221;][vc_btn title=&#8221;<strong>\u0130LET\u0130\u015e\u0130M<\/strong>&#8221; style=&#8221;custom&#8221; custom_background=&#8221;#ffffff&#8221; custom_text=&#8221;#942b26&#8243; shape=&#8221;square&#8221; size=&#8221;lg&#8221; align=&#8221;center&#8221; css=&#8221;.vc_custom_1622972765604{margin-bottom: 0px !important;}&#8221; link=&#8221;url:http%3A%2F%2Fkaanhurelli.com%2Flipanew%2Filetisim%2F|title:%C4%B0LET%C4%B0%C5%9E%C4%B0M&#8221;][\/vc_column][\/vc_row][\/vc_section]<\/p>\n","protected":false},"excerpt":{"rendered":"<p>[vc_row][vc_column][vc_empty_space height=&#8221;20px&#8221;][\/vc_column][\/vc_row][vc_row][vc_column width=&#8221;1\/2&#8243;][vc_column_text]\u015eirketinizin g\u00f6r\u00fcnen y\u00fcz\u00fc olarak sahada m\u00fc\u015fteri ile birebir ileti\u015fim kurarak \u00fcr\u00fcn sat\u0131\u015f\u0131nda \u00f6nemli rol oynayan sat\u0131\u015f ekiplerinin \u00f6nemi<\/p>\n","protected":false},"author":1,"featured_media":0,"parent":1628,"menu_order":0,"comment_status":"closed","ping_status":"closed","template":"","meta":{"footnotes":""},"class_list":["post-1637","page","type-page","status-publish","hentry"],"_links":{"self":[{"href":"http:\/\/lipaconsultancy.com\/site\/wp-json\/wp\/v2\/pages\/1637","targetHints":{"allow":["GET"]}}],"collection":[{"href":"http:\/\/lipaconsultancy.com\/site\/wp-json\/wp\/v2\/pages"}],"about":[{"href":"http:\/\/lipaconsultancy.com\/site\/wp-json\/wp\/v2\/types\/page"}],"author":[{"embeddable":true,"href":"http:\/\/lipaconsultancy.com\/site\/wp-json\/wp\/v2\/users\/1"}],"replies":[{"embeddable":true,"href":"http:\/\/lipaconsultancy.com\/site\/wp-json\/wp\/v2\/comments?post=1637"}],"version-history":[{"count":3,"href":"http:\/\/lipaconsultancy.com\/site\/wp-json\/wp\/v2\/pages\/1637\/revisions"}],"predecessor-version":[{"id":2044,"href":"http:\/\/lipaconsultancy.com\/site\/wp-json\/wp\/v2\/pages\/1637\/revisions\/2044"}],"up":[{"embeddable":true,"href":"http:\/\/lipaconsultancy.com\/site\/wp-json\/wp\/v2\/pages\/1628"}],"wp:attachment":[{"href":"http:\/\/lipaconsultancy.com\/site\/wp-json\/wp\/v2\/media?parent=1637"}],"curies":[{"name":"wp","href":"https:\/\/api.w.org\/{rel}","templated":true}]}}