{"id":1636,"date":"2021-05-02T19:21:35","date_gmt":"2021-05-02T19:21:35","guid":{"rendered":"http:\/\/kaanhurelli.com\/lipanew\/?page_id=1636"},"modified":"2021-06-13T19:53:15","modified_gmt":"2021-06-13T19:53:15","slug":"pazarlama-stratejisi","status":"publish","type":"page","link":"http:\/\/lipaconsultancy.com\/site\/danismanlik\/satis-ve-pazarlama\/pazarlama-stratejisi\/","title":{"rendered":"PAZARLAMA STRATEJ\u0130S\u0130"},"content":{"rendered":"<p>[vc_row][vc_column][vc_empty_space height=&#8221;20px&#8221;][\/vc_column][\/vc_row][vc_row][vc_column width=&#8221;1\/2&#8243;][vc_column_text]Rekabetin artt\u0131\u011f\u0131 ve bilginin herkes taraf\u0131ndan kolay ula\u015f\u0131labilir hale geldi\u011fi g\u00fcn\u00fcm\u00fczde \u015firketlerin en \u00f6nemli ihtiya\u00e7lar\u0131ndan birinin pazarlama olmaktad\u0131r.<\/p>\n<p>K\u00fcreselle\u015fen ve her \u015feye ula\u015fman\u0131n kolayla\u015ft\u0131\u011f\u0131 d\u00fcnyam\u0131zda de\u011fi\u015fime ayak uydurabilmenin en etkili yolu da pazarlama stratejisine sahip olmaktan ge\u00e7mektedir.\u00a0Olu\u015fturulacak bir pazarlama stratejisinin i\u015flerlik kazanabilmesi i\u00e7in do\u011fru ileti\u015fim teknikleri kullan\u0131larak m\u00fc\u015fteri kitlenize aktar\u0131lmas\u0131yla ba\u015far\u0131ya ula\u015fman\u0131z m\u00fcmk\u00fcnd\u00fcr.<\/p>\n<p>Lipa olarak pazarlama stratejisi geli\u015ftirme s\u00fcrecinde uzun y\u0131llar etkili ve kal\u0131c\u0131 stratejiler geli\u015ftirmenizi sa\u011flayacak hizmetleri sunmaktay\u0131z.<\/p>\n<p>Pazarlama stratejisi olu\u015fturulurken \u00e7ok kaynakl\u0131 bir yakla\u015f\u0131m ortaya koymakta ve sekt\u00f6rdeki e\u011filimlerin anla\u015f\u0131lmas\u0131n\u0131 sa\u011flamaktay\u0131z. Bunu yaparken uzmanlar\u0131m\u0131z t\u00fcketici anketleri, rekabet analizi, m\u00fc\u015fteri\/\u00e7al\u0131\u015fan\/y\u00f6netim\/tedarik\u00e7i m\u00fclakatlar\u0131, odak grup toplant\u0131lar\u0131, sekt\u00f6rel istatistiklerin analizi ve rakip \u00fcr\u00fcn analizleri gibi \u00e7ok say\u0131da veriden faydalanmaktay\u0131z. Bu veriler ile \u00fcr\u00fcn\u00fcn veya hizmetin tasar\u0131m\u0131ndan ileti\u015fimde kullan\u0131lacak kimlik ve mesajlar\u0131n temas\u0131n\u0131n olu\u015fturulmas\u0131na kadar uzanan bir yelpazede hizmet sa\u011flamaktay\u0131z.[\/vc_column_text][\/vc_column][vc_column width=&#8221;1\/2&#8243;][vc_single_image image=&#8221;1980&#8243; img_size=&#8221;full&#8221;][\/vc_column][\/vc_row][vc_section full_width=&#8221;stretch_row&#8221; css=&#8221;.vc_custom_1481466023488{margin-bottom: -40px !important;padding-top: 0px !important;}&#8221;][vc_row full_width=&#8221;stretch_row&#8221; content_placement=&#8221;middle&#8221; css=&#8221;.vc_custom_1622972045656{margin-bottom: 0px !important;padding-top: 20px !important;padding-bottom: 20px !important;background: #942b26 url(http:\/\/dummy.xtemos.com\/basel\/vers\/wp-content\/uploads\/sites\/3\/2017\/01\/info-call-1.png?id=602) !important;background-position: 0 0 !important;background-repeat: no-repeat !important;}&#8221;][vc_column width=&#8221;5\/6&#8243; basel_color_scheme=&#8221;light&#8221; css=&#8221;.vc_custom_1481460303734{padding-top: 20px !important;padding-bottom: 20px !important;}&#8221;][vc_column_text css=&#8221;.vc_custom_1619644616891{margin-bottom: 0px !important;}&#8221;]<\/p>\n<p style=\"font-size: 37px; font-weight: 300; color: white; margin-bottom: 0px; line-height: 45px;\">T\u00fcm sorular\u0131n\u0131z i\u00e7in bize ula\u015f\u0131n.<\/p>\n<p style=\"font-size: 30px;\"><strong>+90 533 885 8101 \/ +90 392 228 0810<\/strong><\/p>\n<p>[\/vc_column_text][\/vc_column][vc_column width=&#8221;1\/6&#8243; css=&#8221;.vc_custom_1481367707658{padding-top: 0px !important;}&#8221;][vc_btn title=&#8221;<strong>\u0130LET\u0130\u015e\u0130M<\/strong>&#8221; style=&#8221;custom&#8221; custom_background=&#8221;#ffffff&#8221; custom_text=&#8221;#942b26&#8243; shape=&#8221;square&#8221; size=&#8221;lg&#8221; align=&#8221;center&#8221; css=&#8221;.vc_custom_1622972765604{margin-bottom: 0px !important;}&#8221; link=&#8221;url:http%3A%2F%2Fkaanhurelli.com%2Flipanew%2Filetisim%2F|title:%C4%B0LET%C4%B0%C5%9E%C4%B0M&#8221;][\/vc_column][\/vc_row][\/vc_section]<\/p>\n","protected":false},"excerpt":{"rendered":"<p>[vc_row][vc_column][vc_empty_space height=&#8221;20px&#8221;][\/vc_column][\/vc_row][vc_row][vc_column width=&#8221;1\/2&#8243;][vc_column_text]Rekabetin artt\u0131\u011f\u0131 ve bilginin herkes taraf\u0131ndan kolay ula\u015f\u0131labilir hale geldi\u011fi g\u00fcn\u00fcm\u00fczde \u015firketlerin en \u00f6nemli ihtiya\u00e7lar\u0131ndan birinin pazarlama olmaktad\u0131r.<\/p>\n","protected":false},"author":1,"featured_media":0,"parent":1628,"menu_order":0,"comment_status":"closed","ping_status":"closed","template":"","meta":{"footnotes":""},"class_list":["post-1636","page","type-page","status-publish","hentry"],"_links":{"self":[{"href":"http:\/\/lipaconsultancy.com\/site\/wp-json\/wp\/v2\/pages\/1636","targetHints":{"allow":["GET"]}}],"collection":[{"href":"http:\/\/lipaconsultancy.com\/site\/wp-json\/wp\/v2\/pages"}],"about":[{"href":"http:\/\/lipaconsultancy.com\/site\/wp-json\/wp\/v2\/types\/page"}],"author":[{"embeddable":true,"href":"http:\/\/lipaconsultancy.com\/site\/wp-json\/wp\/v2\/users\/1"}],"replies":[{"embeddable":true,"href":"http:\/\/lipaconsultancy.com\/site\/wp-json\/wp\/v2\/comments?post=1636"}],"version-history":[{"count":3,"href":"http:\/\/lipaconsultancy.com\/site\/wp-json\/wp\/v2\/pages\/1636\/revisions"}],"predecessor-version":[{"id":2042,"href":"http:\/\/lipaconsultancy.com\/site\/wp-json\/wp\/v2\/pages\/1636\/revisions\/2042"}],"up":[{"embeddable":true,"href":"http:\/\/lipaconsultancy.com\/site\/wp-json\/wp\/v2\/pages\/1628"}],"wp:attachment":[{"href":"http:\/\/lipaconsultancy.com\/site\/wp-json\/wp\/v2\/media?parent=1636"}],"curies":[{"name":"wp","href":"https:\/\/api.w.org\/{rel}","templated":true}]}}