{"id":1628,"date":"2021-05-02T19:17:43","date_gmt":"2021-05-02T19:17:43","guid":{"rendered":"http:\/\/kaanhurelli.com\/lipanew\/?page_id=1628"},"modified":"2021-05-02T19:19:18","modified_gmt":"2021-05-02T19:19:18","slug":"satis-ve-pazarlama","status":"publish","type":"page","link":"http:\/\/lipaconsultancy.com\/site\/danismanlik\/satis-ve-pazarlama\/","title":{"rendered":"SATI\u015e VE PAZARLAMA"},"content":{"rendered":"<p>[vc_row][vc_column width=&#8221;1\/3&#8243;][vc_column_text]<\/p>\n<h3>Pazarlama Stratejisi<\/h3>\n<p>[\/vc_column_text][\/vc_column][vc_column width=&#8221;1\/3&#8243;][vc_column_text]<\/p>\n<h3>Sat\u0131\u015f Kanal\u0131 Organizasyonu<\/h3>\n<p>[\/vc_column_text][\/vc_column][vc_column width=&#8221;1\/3&#8243;][vc_column_text]<\/p>\n<h3>Maliyetlendirme ve Karl\u0131l\u0131k Analizi<\/h3>\n<p>[\/vc_column_text][\/vc_column][\/vc_row][vc_row][vc_column][vc_column_text]UNDER CONSTRUCTION[\/vc_column_text][\/vc_column][\/vc_row]<br \/>\n[vc_section full_width=&#8221;stretch_row&#8221; css=&#8221;.vc_custom_1481466023488{margin-bottom: -40px !important;padding-top: 0px !important;}&#8221;][vc_row full_width=&#8221;stretch_row&#8221; content_placement=&#8221;middle&#8221; css=&#8221;.vc_custom_1485884037282{margin-bottom: 0px !important;padding-top: 20px !important;padding-bottom: 20px !important;background: #1e73be url(http:\/\/dummy.xtemos.com\/basel\/vers\/wp-content\/uploads\/sites\/3\/2017\/01\/info-call-1.png?id=602) !important;background-position: 0 0 !important;background-repeat: no-repeat !important;}&#8221;][vc_column width=&#8221;5\/6&#8243; basel_color_scheme=&#8221;light&#8221; css=&#8221;.vc_custom_1481460303734{padding-top: 20px !important;padding-bottom: 20px !important;}&#8221;][vc_column_text css=&#8221;.vc_custom_1619644616891{margin-bottom: 0px !important;}&#8221;]<\/p>\n<p style=\"font-size: 37px; font-weight: 300; color: white; margin-bottom: 0px; line-height: 45px;\">T\u00fcm sorular\u0131n\u0131z i\u00e7in bize ula\u015f\u0131n.<\/p>\n<p style=\"font-size: 30px;\"><strong>+90 533 885 8101 \/ +90 392 228 0810<\/strong><\/p>\n<p>[\/vc_column_text][\/vc_column][vc_column width=&#8221;1\/6&#8243; css=&#8221;.vc_custom_1481367707658{padding-top: 0px !important;}&#8221;][vc_btn title=&#8221;<strong>\u0130LET\u0130\u015e\u0130M<\/strong>&#8221; style=&#8221;custom&#8221; custom_background=&#8221;#1d6aae&#8221; custom_text=&#8221;#ffffff&#8221; shape=&#8221;square&#8221; size=&#8221;lg&#8221; align=&#8221;center&#8221; css=&#8221;.vc_custom_1619980160747{margin-bottom: 0px !important;}&#8221;][\/vc_column][\/vc_row][\/vc_section]<\/p>\n","protected":false},"excerpt":{"rendered":"<p>[vc_row][vc_column width=&#8221;1\/3&#8243;][vc_column_text] Pazarlama Stratejisi [\/vc_column_text][\/vc_column][vc_column width=&#8221;1\/3&#8243;][vc_column_text] Sat\u0131\u015f Kanal\u0131 Organizasyonu [\/vc_column_text][\/vc_column][vc_column width=&#8221;1\/3&#8243;][vc_column_text] Maliyetlendirme ve Karl\u0131l\u0131k Analizi [\/vc_column_text][\/vc_column][\/vc_row][vc_row][vc_column][vc_column_text]UNDER CONSTRUCTION[\/vc_column_text][\/vc_column][\/vc_row] [vc_section full_width=&#8221;stretch_row&#8221; css=&#8221;.vc_custom_1481466023488{margin-bottom:<\/p>\n","protected":false},"author":1,"featured_media":0,"parent":1516,"menu_order":0,"comment_status":"closed","ping_status":"closed","template":"","meta":{"footnotes":""},"class_list":["post-1628","page","type-page","status-publish","hentry"],"_links":{"self":[{"href":"http:\/\/lipaconsultancy.com\/site\/wp-json\/wp\/v2\/pages\/1628","targetHints":{"allow":["GET"]}}],"collection":[{"href":"http:\/\/lipaconsultancy.com\/site\/wp-json\/wp\/v2\/pages"}],"about":[{"href":"http:\/\/lipaconsultancy.com\/site\/wp-json\/wp\/v2\/types\/page"}],"author":[{"embeddable":true,"href":"http:\/\/lipaconsultancy.com\/site\/wp-json\/wp\/v2\/users\/1"}],"replies":[{"embeddable":true,"href":"http:\/\/lipaconsultancy.com\/site\/wp-json\/wp\/v2\/comments?post=1628"}],"version-history":[{"count":2,"href":"http:\/\/lipaconsultancy.com\/site\/wp-json\/wp\/v2\/pages\/1628\/revisions"}],"predecessor-version":[{"id":1634,"href":"http:\/\/lipaconsultancy.com\/site\/wp-json\/wp\/v2\/pages\/1628\/revisions\/1634"}],"up":[{"embeddable":true,"href":"http:\/\/lipaconsultancy.com\/site\/wp-json\/wp\/v2\/pages\/1516"}],"wp:attachment":[{"href":"http:\/\/lipaconsultancy.com\/site\/wp-json\/wp\/v2\/media?parent=1628"}],"curies":[{"name":"wp","href":"https:\/\/api.w.org\/{rel}","templated":true}]}}