{"id":1627,"date":"2021-05-02T19:13:32","date_gmt":"2021-05-02T19:13:32","guid":{"rendered":"http:\/\/kaanhurelli.com\/lipanew\/?page_id=1627"},"modified":"2021-06-06T10:05:50","modified_gmt":"2021-06-06T10:05:50","slug":"ce-belgesi","status":"publish","type":"page","link":"http:\/\/lipaconsultancy.com\/site\/danismanlik\/operasyon\/ce-belgesi\/","title":{"rendered":"CE BELGES\u0130"},"content":{"rendered":"<p>[vc_row][vc_column][vc_empty_space height=&#8221;20px&#8221;][\/vc_column][\/vc_row][vc_row][vc_column width=&#8221;1\/2&#8243;][vc_column_text]Avrupa Birli\u011fi taraf\u0131ndan yay\u0131nlanan direktifler ve harmonize standartlar kapsam\u0131nda bulunan \u00fcr\u00fcnlerin Avrupa Ekonomik Alan\u0131nda (AEA) serbest dola\u015f\u0131m\u0131 i\u00e7in \u00fcr\u00fcnlerin yay\u0131nlanm\u0131\u015f standartlara uyumlu hale getirilmesi zorunludur.<\/p>\n<p>Dan\u0131\u015fmanlar\u0131m\u0131 AEA\u2019na ihracat\u0131 yap\u0131lacak \u00fcr\u00fcnlerin CE \u0130\u015fareti ta\u015f\u0131yabilmesi i\u00e7in dan\u0131\u015fmanl\u0131k hizmeti sa\u011flamaktay\u0131z. Ba\u015fta 305\/2011 Yap\u0131 Malzemeleri Direktifi olmak \u00fczere Avrupa Birli\u011fi taraf\u0131ndan yay\u0131nlanm\u0131\u015f direktiflere uygun \u015fekilde \u00fcretim ve \u00fcr\u00fcn belgeleme yapabilmeniz i\u00e7in bizimle \u00e7al\u0131\u015fabilirsiniz.[\/vc_column_text][\/vc_column][vc_column width=&#8221;1\/2&#8243;][vc_row_inner][vc_column_inner width=&#8221;1\/4&#8243;][\/vc_column_inner][vc_column_inner width=&#8221;1\/2&#8243;][vc_single_image image=&#8221;1630&#8243; img_size=&#8221;full&#8221;][\/vc_column_inner][vc_column_inner width=&#8221;1\/4&#8243;][\/vc_column_inner][\/vc_row_inner][\/vc_column][\/vc_row][vc_section full_width=&#8221;stretch_row&#8221; css=&#8221;.vc_custom_1481466023488{margin-bottom: -40px !important;padding-top: 0px !important;}&#8221;][vc_row full_width=&#8221;stretch_row&#8221; content_placement=&#8221;middle&#8221; css=&#8221;.vc_custom_1622972045656{margin-bottom: 0px !important;padding-top: 20px !important;padding-bottom: 20px !important;background: #942b26 url(http:\/\/dummy.xtemos.com\/basel\/vers\/wp-content\/uploads\/sites\/3\/2017\/01\/info-call-1.png?id=602) !important;background-position: 0 0 !important;background-repeat: no-repeat !important;}&#8221;][vc_column width=&#8221;5\/6&#8243; basel_color_scheme=&#8221;light&#8221; css=&#8221;.vc_custom_1481460303734{padding-top: 20px !important;padding-bottom: 20px !important;}&#8221;][vc_column_text css=&#8221;.vc_custom_1619644616891{margin-bottom: 0px !important;}&#8221;]<\/p>\n<p style=\"font-size: 37px; font-weight: 300; color: white; margin-bottom: 0px; line-height: 45px;\">T\u00fcm sorular\u0131n\u0131z i\u00e7in bize ula\u015f\u0131n.<\/p>\n<p style=\"font-size: 30px;\"><strong>+90 533 885 8101 \/ +90 392 228 0810<\/strong><\/p>\n<p>[\/vc_column_text][\/vc_column][vc_column width=&#8221;1\/6&#8243; css=&#8221;.vc_custom_1481367707658{padding-top: 0px !important;}&#8221;][vc_btn title=&#8221;<strong>\u0130LET\u0130\u015e\u0130M<\/strong>&#8221; style=&#8221;custom&#8221; custom_background=&#8221;#ffffff&#8221; custom_text=&#8221;#942b26&#8243; shape=&#8221;square&#8221; size=&#8221;lg&#8221; align=&#8221;center&#8221; css=&#8221;.vc_custom_1622972765604{margin-bottom: 0px !important;}&#8221; link=&#8221;url:http%3A%2F%2Fkaanhurelli.com%2Flipanew%2Filetisim%2F|title:%C4%B0LET%C4%B0%C5%9E%C4%B0M&#8221;][\/vc_column][\/vc_row][\/vc_section]<\/p>\n","protected":false},"excerpt":{"rendered":"<p>[vc_row][vc_column][vc_empty_space height=&#8221;20px&#8221;][\/vc_column][\/vc_row][vc_row][vc_column width=&#8221;1\/2&#8243;][vc_column_text]Avrupa Birli\u011fi taraf\u0131ndan yay\u0131nlanan direktifler ve harmonize standartlar kapsam\u0131nda bulunan \u00fcr\u00fcnlerin Avrupa Ekonomik Alan\u0131nda (AEA) serbest dola\u015f\u0131m\u0131 i\u00e7in<\/p>\n","protected":false},"author":1,"featured_media":0,"parent":1623,"menu_order":0,"comment_status":"closed","ping_status":"closed","template":"","meta":{"footnotes":""},"class_list":["post-1627","page","type-page","status-publish","hentry"],"_links":{"self":[{"href":"http:\/\/lipaconsultancy.com\/site\/wp-json\/wp\/v2\/pages\/1627","targetHints":{"allow":["GET"]}}],"collection":[{"href":"http:\/\/lipaconsultancy.com\/site\/wp-json\/wp\/v2\/pages"}],"about":[{"href":"http:\/\/lipaconsultancy.com\/site\/wp-json\/wp\/v2\/types\/page"}],"author":[{"embeddable":true,"href":"http:\/\/lipaconsultancy.com\/site\/wp-json\/wp\/v2\/users\/1"}],"replies":[{"embeddable":true,"href":"http:\/\/lipaconsultancy.com\/site\/wp-json\/wp\/v2\/comments?post=1627"}],"version-history":[{"count":2,"href":"http:\/\/lipaconsultancy.com\/site\/wp-json\/wp\/v2\/pages\/1627\/revisions"}],"predecessor-version":[{"id":1966,"href":"http:\/\/lipaconsultancy.com\/site\/wp-json\/wp\/v2\/pages\/1627\/revisions\/1966"}],"up":[{"embeddable":true,"href":"http:\/\/lipaconsultancy.com\/site\/wp-json\/wp\/v2\/pages\/1623"}],"wp:attachment":[{"href":"http:\/\/lipaconsultancy.com\/site\/wp-json\/wp\/v2\/media?parent=1627"}],"curies":[{"name":"wp","href":"https:\/\/api.w.org\/{rel}","templated":true}]}}