{"id":1626,"date":"2021-05-02T19:08:30","date_gmt":"2021-05-02T19:08:30","guid":{"rendered":"http:\/\/kaanhurelli.com\/lipanew\/?page_id=1626"},"modified":"2021-06-13T19:39:11","modified_gmt":"2021-06-13T19:39:11","slug":"yonetim-sistemleri-danismanligi","status":"publish","type":"page","link":"http:\/\/lipaconsultancy.com\/site\/danismanlik\/operasyon\/yonetim-sistemleri-danismanligi\/","title":{"rendered":"Y\u00d6NET\u0130M S\u0130STEMLER\u0130 DANI\u015eMANLI\u011eI"},"content":{"rendered":"<p>[vc_row][vc_column][vc_empty_space height=&#8221;20px&#8221;][\/vc_column][\/vc_row][vc_row][vc_column width=&#8221;1\/2&#8243;][vc_column_text]Uluslararas\u0131 kabul g\u00f6rm\u00fc\u015f standartlara uygun \u00fcretim ve hizmet sa\u011flamak i\u00e7in \u015firketinizin sekt\u00f6r\u00fcne ve ihtiya\u00e7lar\u0131na uygun y\u00f6netim sistemleri standartlar\u0131na y\u00f6nelik \u00e7al\u0131\u015fmalar\u0131 en ba\u015f\u0131ndan itibaren tasarlay\u0131p kurmakta ve uygulamaya almaktay\u0131z.<\/p>\n<p>Dan\u0131\u015fmanl\u0131\u011f\u0131n\u0131 yapt\u0131\u011f\u0131m\u0131z standartlar aras\u0131nda<\/p>\n<ul>\n<li>ISO 9001 Kalite Y\u00f6netim Sistemi,<\/li>\n<li>ISO 22000 G\u0131da G\u00fcvenli\u011fi Y\u00f6netim Sistemi,<\/li>\n<li>BRC (British Retail Consortium) Global Standard for Food Safety,<\/li>\n<li>ISO 14001 \u00c7evre Y\u00f6netim Sistemi,<\/li>\n<li>ISO IEC 15189 T\u0131bbi Laboratuvarlar-Kalite ve Yeterlilik \u0130\u00e7in \u00d6zel \u015eartlar,<\/li>\n<li>ISO 17025 Deney ve Kalibrasyon Laboratuvarlar\u0131n\u0131n Yeterlili\u011fi \u0130\u00e7in Genel Gereklilikler,<\/li>\n<li>ISO 27001 Bilgi G\u00fcvenli\u011fi Y\u00f6netim Sistemi,<\/li>\n<li>ISO 1002 M\u00fc\u015fteri Memnuniyeti Y\u00f6netim Sistemi<\/li>\n<li>ve ISO 45001 \u0130\u015f Sa\u011fl\u0131\u011f\u0131 ve G\u00fcvenli\u011fi Y\u00f6netim Sistemi<\/li>\n<\/ul>\n<p>gibi her sekt\u00f6r ile do\u011frudan ili\u015fkili bir\u00e7ok standarda uygun y\u00f6netim sisteminin \u015firketinizde uygulamaya al\u0131nmas\u0131 i\u00e7in uzman ekibimizle \u00e7al\u0131\u015f\u0131yoruz.[\/vc_column_text][\/vc_column][vc_column width=&#8221;1\/2&#8243;][vc_single_image image=&#8221;1769&#8243; img_size=&#8221;full&#8221;][\/vc_column][\/vc_row][vc_section full_width=&#8221;stretch_row&#8221; css=&#8221;.vc_custom_1481466023488{margin-bottom: -40px !important;padding-top: 0px !important;}&#8221;][vc_row full_width=&#8221;stretch_row&#8221; content_placement=&#8221;middle&#8221; css=&#8221;.vc_custom_1622972045656{margin-bottom: 0px !important;padding-top: 20px !important;padding-bottom: 20px !important;background: #942b26 url(http:\/\/dummy.xtemos.com\/basel\/vers\/wp-content\/uploads\/sites\/3\/2017\/01\/info-call-1.png?id=602) !important;background-position: 0 0 !important;background-repeat: no-repeat !important;}&#8221;][vc_column width=&#8221;5\/6&#8243; basel_color_scheme=&#8221;light&#8221; css=&#8221;.vc_custom_1481460303734{padding-top: 20px !important;padding-bottom: 20px !important;}&#8221;][vc_column_text css=&#8221;.vc_custom_1619644616891{margin-bottom: 0px !important;}&#8221;]<\/p>\n<p style=\"font-size: 37px; font-weight: 300; color: white; margin-bottom: 0px; line-height: 45px;\">T\u00fcm sorular\u0131n\u0131z i\u00e7in bize ula\u015f\u0131n.<\/p>\n<p style=\"font-size: 30px;\"><strong>+90 533 885 8101 \/ +90 392 228 0810<\/strong><\/p>\n<p>[\/vc_column_text][\/vc_column][vc_column width=&#8221;1\/6&#8243; css=&#8221;.vc_custom_1481367707658{padding-top: 0px !important;}&#8221;][vc_btn title=&#8221;<strong>\u0130LET\u0130\u015e\u0130M<\/strong>&#8221; style=&#8221;custom&#8221; custom_background=&#8221;#ffffff&#8221; custom_text=&#8221;#942b26&#8243; shape=&#8221;square&#8221; size=&#8221;lg&#8221; align=&#8221;center&#8221; css=&#8221;.vc_custom_1622972765604{margin-bottom: 0px !important;}&#8221; link=&#8221;url:http%3A%2F%2Fkaanhurelli.com%2Flipanew%2Filetisim%2F|title:%C4%B0LET%C4%B0%C5%9E%C4%B0M&#8221;][\/vc_column][\/vc_row][\/vc_section]<\/p>\n","protected":false},"excerpt":{"rendered":"<p>[vc_row][vc_column][vc_empty_space height=&#8221;20px&#8221;][\/vc_column][\/vc_row][vc_row][vc_column width=&#8221;1\/2&#8243;][vc_column_text]Uluslararas\u0131 kabul g\u00f6rm\u00fc\u015f standartlara uygun \u00fcretim ve hizmet sa\u011flamak i\u00e7in \u015firketinizin sekt\u00f6r\u00fcne ve ihtiya\u00e7lar\u0131na uygun y\u00f6netim sistemleri standartlar\u0131na<\/p>\n","protected":false},"author":1,"featured_media":0,"parent":1623,"menu_order":0,"comment_status":"closed","ping_status":"closed","template":"","meta":{"footnotes":""},"class_list":["post-1626","page","type-page","status-publish","hentry"],"_links":{"self":[{"href":"http:\/\/lipaconsultancy.com\/site\/wp-json\/wp\/v2\/pages\/1626","targetHints":{"allow":["GET"]}}],"collection":[{"href":"http:\/\/lipaconsultancy.com\/site\/wp-json\/wp\/v2\/pages"}],"about":[{"href":"http:\/\/lipaconsultancy.com\/site\/wp-json\/wp\/v2\/types\/page"}],"author":[{"embeddable":true,"href":"http:\/\/lipaconsultancy.com\/site\/wp-json\/wp\/v2\/users\/1"}],"replies":[{"embeddable":true,"href":"http:\/\/lipaconsultancy.com\/site\/wp-json\/wp\/v2\/comments?post=1626"}],"version-history":[{"count":4,"href":"http:\/\/lipaconsultancy.com\/site\/wp-json\/wp\/v2\/pages\/1626\/revisions"}],"predecessor-version":[{"id":2039,"href":"http:\/\/lipaconsultancy.com\/site\/wp-json\/wp\/v2\/pages\/1626\/revisions\/2039"}],"up":[{"embeddable":true,"href":"http:\/\/lipaconsultancy.com\/site\/wp-json\/wp\/v2\/pages\/1623"}],"wp:attachment":[{"href":"http:\/\/lipaconsultancy.com\/site\/wp-json\/wp\/v2\/media?parent=1626"}],"curies":[{"name":"wp","href":"https:\/\/api.w.org\/{rel}","templated":true}]}}