{"id":1621,"date":"2021-05-02T19:05:47","date_gmt":"2021-05-02T19:05:47","guid":{"rendered":"http:\/\/kaanhurelli.com\/lipanew\/?page_id=1621"},"modified":"2021-06-21T21:16:38","modified_gmt":"2021-06-21T21:16:38","slug":"surec-yonetimi-ve-surec-iyilestirme","status":"publish","type":"page","link":"http:\/\/lipaconsultancy.com\/site\/danismanlik\/operasyon\/surec-yonetimi-ve-surec-iyilestirme\/","title":{"rendered":"OPERASYON Y\u00d6NET\u0130M\u0130 VE S\u00dcRE\u00c7 \u0130Y\u0130LE\u015eT\u0130RME"},"content":{"rendered":"<p>[vc_row][vc_column][vc_empty_space height=&#8221;20px&#8221;][\/vc_column][\/vc_row][vc_row][vc_column width=&#8221;1\/2&#8243;][vc_column_text]Teknolojinin, m\u00fc\u015fteri beklentilerinin ve ihtiya\u00e7lar\u0131n h\u0131zl\u0131 bir \u015fekilde de\u011fi\u015fmesiyle \u015firketler, s\u00fcrekli de\u011fi\u015fime ve geli\u015fime ihtiya\u00e7 duymaktad\u0131r. Bu noktada i\u015f s\u00fcre\u00e7lerinin ve buna ba\u011fl\u0131 olu\u015fturulan \u015firket i\u00e7i organizasyonun s\u00fcrekli olarak iyile\u015ftirilmesi ve geli\u015fmesi, \u015firketlerin ba\u015far\u0131l\u0131 olmas\u0131 i\u00e7in en \u00f6nemli gereklerden biridir.<\/p>\n<p>Uzman dan\u0131\u015fmanlar\u0131m\u0131z i\u015f s\u00fcre\u00e7lerinizin tamam\u0131 veya belirli bir par\u00e7as\u0131n\u0131n mevcut durumunu inceleyerek iyile\u015ftirmeye a\u00e7\u0131k alanlar\u0131 belirler. \u0130\u015f s\u00fcre\u00e7lerinizde tespit edilen geli\u015fim alanlar\u0131 ve f\u0131rsatlar dikkate al\u0131narak, s\u00fcre\u00e7leriniz yeniden tasarlan\u0131r.<\/p>\n<p>S\u00fcre\u00e7 y\u00f6netimi kapsam\u0131nda performans y\u00f6netim sistemi kullan\u0131lmas\u0131 veya kilit performans g\u00f6stergelerinin belirlenmesi \u015firket hedeflerine ula\u015fmada ve izlemede size yard\u0131mc\u0131 olur.[\/vc_column_text][\/vc_column][vc_column width=&#8221;1\/2&#8243;][vc_single_image image=&#8221;2251&#8243; img_size=&#8221;full&#8221;][\/vc_column][\/vc_row][vc_section full_width=&#8221;stretch_row&#8221; css=&#8221;.vc_custom_1481466023488{margin-bottom: -40px !important;padding-top: 0px !important;}&#8221;][vc_row full_width=&#8221;stretch_row&#8221; content_placement=&#8221;middle&#8221; css=&#8221;.vc_custom_1622972045656{margin-bottom: 0px !important;padding-top: 20px !important;padding-bottom: 20px !important;background: #942b26 url(http:\/\/dummy.xtemos.com\/basel\/vers\/wp-content\/uploads\/sites\/3\/2017\/01\/info-call-1.png?id=602) !important;background-position: 0 0 !important;background-repeat: no-repeat !important;}&#8221;][vc_column width=&#8221;5\/6&#8243; basel_color_scheme=&#8221;light&#8221; css=&#8221;.vc_custom_1481460303734{padding-top: 20px !important;padding-bottom: 20px !important;}&#8221;][vc_column_text css=&#8221;.vc_custom_1619644616891{margin-bottom: 0px !important;}&#8221;]<\/p>\n<p style=\"font-size: 37px; font-weight: 300; color: white; margin-bottom: 0px; line-height: 45px;\">T\u00fcm sorular\u0131n\u0131z i\u00e7in bize ula\u015f\u0131n.<\/p>\n<p style=\"font-size: 30px;\"><strong>+90 533 885 8101 \/ +90 392 228 0810<\/strong><\/p>\n<p>[\/vc_column_text][\/vc_column][vc_column width=&#8221;1\/6&#8243; css=&#8221;.vc_custom_1481367707658{padding-top: 0px !important;}&#8221;][vc_btn title=&#8221;<strong>\u0130LET\u0130\u015e\u0130M<\/strong>&#8221; style=&#8221;custom&#8221; custom_background=&#8221;#ffffff&#8221; custom_text=&#8221;#942b26&#8243; shape=&#8221;square&#8221; size=&#8221;lg&#8221; align=&#8221;center&#8221; css=&#8221;.vc_custom_1622972765604{margin-bottom: 0px !important;}&#8221; link=&#8221;url:http%3A%2F%2Fkaanhurelli.com%2Flipanew%2Filetisim%2F|title:%C4%B0LET%C4%B0%C5%9E%C4%B0M&#8221;][\/vc_column][\/vc_row][\/vc_section]<\/p>\n","protected":false},"excerpt":{"rendered":"<p>[vc_row][vc_column][vc_empty_space height=&#8221;20px&#8221;][\/vc_column][\/vc_row][vc_row][vc_column width=&#8221;1\/2&#8243;][vc_column_text]Teknolojinin, m\u00fc\u015fteri beklentilerinin ve ihtiya\u00e7lar\u0131n h\u0131zl\u0131 bir \u015fekilde de\u011fi\u015fmesiyle \u015firketler, s\u00fcrekli de\u011fi\u015fime ve geli\u015fime ihtiya\u00e7 duymaktad\u0131r. Bu noktada<\/p>\n","protected":false},"author":1,"featured_media":0,"parent":1623,"menu_order":0,"comment_status":"closed","ping_status":"closed","template":"","meta":{"footnotes":""},"class_list":["post-1621","page","type-page","status-publish","hentry"],"_links":{"self":[{"href":"http:\/\/lipaconsultancy.com\/site\/wp-json\/wp\/v2\/pages\/1621","targetHints":{"allow":["GET"]}}],"collection":[{"href":"http:\/\/lipaconsultancy.com\/site\/wp-json\/wp\/v2\/pages"}],"about":[{"href":"http:\/\/lipaconsultancy.com\/site\/wp-json\/wp\/v2\/types\/page"}],"author":[{"embeddable":true,"href":"http:\/\/lipaconsultancy.com\/site\/wp-json\/wp\/v2\/users\/1"}],"replies":[{"embeddable":true,"href":"http:\/\/lipaconsultancy.com\/site\/wp-json\/wp\/v2\/comments?post=1621"}],"version-history":[{"count":4,"href":"http:\/\/lipaconsultancy.com\/site\/wp-json\/wp\/v2\/pages\/1621\/revisions"}],"predecessor-version":[{"id":2253,"href":"http:\/\/lipaconsultancy.com\/site\/wp-json\/wp\/v2\/pages\/1621\/revisions\/2253"}],"up":[{"embeddable":true,"href":"http:\/\/lipaconsultancy.com\/site\/wp-json\/wp\/v2\/pages\/1623"}],"wp:attachment":[{"href":"http:\/\/lipaconsultancy.com\/site\/wp-json\/wp\/v2\/media?parent=1621"}],"curies":[{"name":"wp","href":"https:\/\/api.w.org\/{rel}","templated":true}]}}