{"id":1620,"date":"2021-05-02T19:01:13","date_gmt":"2021-05-02T19:01:13","guid":{"rendered":"http:\/\/kaanhurelli.com\/lipanew\/?page_id=1620"},"modified":"2021-06-06T20:33:11","modified_gmt":"2021-06-06T20:33:11","slug":"strateji","status":"publish","type":"page","link":"http:\/\/lipaconsultancy.com\/site\/danismanlik\/strateji\/","title":{"rendered":"STRATEJ\u0130"},"content":{"rendered":"<p>[vc_row][vc_column][vc_empty_space height=&#8221;20px&#8221;][vc_custom_heading text=&#8221;Stratejik Planlama&#8221; font_container=&#8221;tag:h2|text_align:center&#8221; google_fonts=&#8221;font_family:Archivo%20Black%3Aregular|font_style:400%20regular%3A400%3Anormal&#8221;][vc_empty_space height=&#8221;20px&#8221;][\/vc_column][\/vc_row][vc_row][vc_column width=&#8221;1\/2&#8243;][vc_column_text]Stratejik y\u00f6netim, kurumlar\u0131n s\u0131n\u0131rl\u0131 kaynaklar\u0131n\u0131 en do\u011fru ve etkin \u015fekilde kullan\u0131p belirlenen zaman \u00e7er\u00e7evesinde olu\u015fturdu\u011fu hedeflere ula\u015fmak i\u00e7in \u00e7izdi\u011fi yolu tarif etmektedir ve g\u00fcn\u00fcm\u00fcz d\u00fcnyas\u0131nda bu t\u00fcr bir y\u00f6netim anlay\u0131\u015f\u0131 azalan kaynaklar ve artan rekabet ko\u015fular\u0131nda \u00e7ok daha \u00f6nemli hale gelmektedir.<\/p>\n<p>Stratejik planlama yakla\u015f\u0131m\u0131m\u0131z ile birlikte \u00e7ok say\u0131da kurum ve \u015firkete hizmet sa\u011flam\u0131\u015f ve en az kaynak kullan\u0131m\u0131 ile hedeflere ula\u015f\u0131lmas\u0131 konusunda yol g\u00f6sterici olmu\u015f durumday\u0131z.<\/p>\n<p>Stratejik planlama yakla\u015f\u0131m\u0131 i\u00e7erisinde proje ekibinin olu\u015fturulmas\u0131 a\u015famas\u0131ndan sonra mevcut durum analizinin ger\u00e7ekle\u015ftirilmesi, stratejilerin olu\u015fturulmas\u0131, b\u00fct\u00e7elemenin yap\u0131lmas\u0131, alt seviye planlar\u0131n olu\u015fturulup personele aktar\u0131lmas\u0131 ve izleme faaliyetleri takip etti\u011fimiz ana \u00e7al\u0131\u015fma \u015feklidir.[\/vc_column_text][\/vc_column][vc_column width=&#8221;1\/2&#8243;][vc_single_image image=&#8221;1978&#8243; img_size=&#8221;full&#8221;][\/vc_column][\/vc_row][vc_section full_width=&#8221;stretch_row&#8221; css=&#8221;.vc_custom_1481466023488{margin-bottom: -40px !important;padding-top: 0px !important;}&#8221;][vc_row full_width=&#8221;stretch_row&#8221; content_placement=&#8221;middle&#8221; css=&#8221;.vc_custom_1622972045656{margin-bottom: 0px !important;padding-top: 20px !important;padding-bottom: 20px !important;background: #942b26 url(http:\/\/dummy.xtemos.com\/basel\/vers\/wp-content\/uploads\/sites\/3\/2017\/01\/info-call-1.png?id=602) !important;background-position: 0 0 !important;background-repeat: no-repeat !important;}&#8221;][vc_column width=&#8221;5\/6&#8243; basel_color_scheme=&#8221;light&#8221; css=&#8221;.vc_custom_1481460303734{padding-top: 20px !important;padding-bottom: 20px !important;}&#8221;][vc_column_text css=&#8221;.vc_custom_1619644616891{margin-bottom: 0px !important;}&#8221;]<\/p>\n<p style=\"font-size: 37px; font-weight: 300; color: white; margin-bottom: 0px; line-height: 45px;\">T\u00fcm sorular\u0131n\u0131z i\u00e7in bize ula\u015f\u0131n.<\/p>\n<p style=\"font-size: 30px;\"><strong>+90 533 885 8101 \/ +90 392 228 0810<\/strong><\/p>\n<p>[\/vc_column_text][\/vc_column][vc_column width=&#8221;1\/6&#8243; css=&#8221;.vc_custom_1481367707658{padding-top: 0px !important;}&#8221;][vc_btn title=&#8221;<strong>\u0130LET\u0130\u015e\u0130M<\/strong>&#8221; style=&#8221;custom&#8221; custom_background=&#8221;#ffffff&#8221; custom_text=&#8221;#942b26&#8243; shape=&#8221;square&#8221; size=&#8221;lg&#8221; align=&#8221;center&#8221; css=&#8221;.vc_custom_1622972765604{margin-bottom: 0px !important;}&#8221; link=&#8221;url:http%3A%2F%2Fkaanhurelli.com%2Flipanew%2Filetisim%2F|title:%C4%B0LET%C4%B0%C5%9E%C4%B0M&#8221;][\/vc_column][\/vc_row][\/vc_section]<\/p>\n","protected":false},"excerpt":{"rendered":"<p>[vc_row][vc_column][vc_empty_space height=&#8221;20px&#8221;][vc_custom_heading text=&#8221;Stratejik Planlama&#8221; font_container=&#8221;tag:h2|text_align:center&#8221; google_fonts=&#8221;font_family:Archivo%20Black%3Aregular|font_style:400%20regular%3A400%3Anormal&#8221;][vc_empty_space height=&#8221;20px&#8221;][\/vc_column][\/vc_row][vc_row][vc_column width=&#8221;1\/2&#8243;][vc_column_text]Stratejik y\u00f6netim, kurumlar\u0131n s\u0131n\u0131rl\u0131 kaynaklar\u0131n\u0131 en do\u011fru ve etkin \u015fekilde kullan\u0131p belirlenen zaman<\/p>\n","protected":false},"author":1,"featured_media":0,"parent":1516,"menu_order":0,"comment_status":"closed","ping_status":"closed","template":"","meta":{"footnotes":""},"class_list":["post-1620","page","type-page","status-publish","hentry"],"_links":{"self":[{"href":"http:\/\/lipaconsultancy.com\/site\/wp-json\/wp\/v2\/pages\/1620","targetHints":{"allow":["GET"]}}],"collection":[{"href":"http:\/\/lipaconsultancy.com\/site\/wp-json\/wp\/v2\/pages"}],"about":[{"href":"http:\/\/lipaconsultancy.com\/site\/wp-json\/wp\/v2\/types\/page"}],"author":[{"embeddable":true,"href":"http:\/\/lipaconsultancy.com\/site\/wp-json\/wp\/v2\/users\/1"}],"replies":[{"embeddable":true,"href":"http:\/\/lipaconsultancy.com\/site\/wp-json\/wp\/v2\/comments?post=1620"}],"version-history":[{"count":4,"href":"http:\/\/lipaconsultancy.com\/site\/wp-json\/wp\/v2\/pages\/1620\/revisions"}],"predecessor-version":[{"id":1979,"href":"http:\/\/lipaconsultancy.com\/site\/wp-json\/wp\/v2\/pages\/1620\/revisions\/1979"}],"up":[{"embeddable":true,"href":"http:\/\/lipaconsultancy.com\/site\/wp-json\/wp\/v2\/pages\/1516"}],"wp:attachment":[{"href":"http:\/\/lipaconsultancy.com\/site\/wp-json\/wp\/v2\/media?parent=1620"}],"curies":[{"name":"wp","href":"https:\/\/api.w.org\/{rel}","templated":true}]}}