{"id":1609,"date":"2021-05-02T18:35:07","date_gmt":"2021-05-02T18:35:07","guid":{"rendered":"http:\/\/kaanhurelli.com\/lipanew\/?page_id=1609"},"modified":"2021-06-09T19:57:39","modified_gmt":"2021-06-09T19:57:39","slug":"insan-kaynaklari-yonetimi","status":"publish","type":"page","link":"http:\/\/lipaconsultancy.com\/site\/danismanlik\/organizasyon\/insan-kaynaklari-yonetimi\/","title":{"rendered":"\u0130NSAN KAYNAKLARI Y\u00d6NET\u0130M\u0130"},"content":{"rendered":"<p>[vc_row][vc_column][vc_empty_space height=&#8221;20px&#8221;][vc_custom_heading text=&#8221;\u015eirketinizi Gelece\u011fe Haz\u0131rlay\u0131n&#8221; font_container=&#8221;tag:h2|text_align:center&#8221; google_fonts=&#8221;font_family:Archivo%20Black%3Aregular|font_style:400%20regular%3A400%3Anormal&#8221;][vc_empty_space height=&#8221;20px&#8221;][\/vc_column][\/vc_row][vc_row][vc_column width=&#8221;1\/2&#8243;][vc_column_text]\u015eirketlerin en \u00f6nemli varl\u0131klar\u0131ndan olan personellerin en verimli, etkin ve do\u011fru \u015fekilde y\u00f6netilmesi \u015firket hedeflerine ula\u015fma konusunda en b\u00fcy\u00fck gerekliliklerden birdir.<\/p>\n<p>Do\u011fru \u00e7al\u0131\u015fan\u0131n do\u011fru pozisyona istihdam edilmesinden, organizasyon yap\u0131s\u0131n\u0131n, i\u015f ili\u015fkilerinin ve talimat ve prosed\u00fcrlerin olu\u015fturulmas\u0131na, e\u011fitim ve ko\u00e7luk deste\u011fi ile personel yetkinliklerinin art\u0131r\u0131lmas\u0131na kadar olan t\u00fcm s\u00fcre\u00e7lerde konusunda tecr\u00fcbeli ve uzman dan\u0131\u015fmanlar\u0131m\u0131z \u00e7al\u0131\u015fmaktad\u0131r. \u015eirketlerde i\u015f analizlerinin yap\u0131lmas\u0131 ile buna ba\u011fl\u0131 g\u00f6rev, yetki ve sorumluluklar\u0131n do\u011fru \u015fekilde kurgulanmas\u0131 bir\u00e7ok m\u00fc\u015fterimizin hem daha verimli \u00e7al\u0131\u015fmas\u0131na hem de \u00e7al\u0131\u015fma ortam\u0131nda \u00e7al\u0131\u015fan memnuniyetinin artmas\u0131n\u0131 sa\u011flam\u0131\u015ft\u0131r.[\/vc_column_text][\/vc_column][vc_column width=&#8221;1\/2&#8243;][vc_single_image image=&#8221;1997&#8243; img_size=&#8221;full&#8221;][\/vc_column][\/vc_row][vc_section full_width=&#8221;stretch_row&#8221; css=&#8221;.vc_custom_1481466023488{margin-bottom: -40px !important;padding-top: 0px !important;}&#8221;][vc_row full_width=&#8221;stretch_row&#8221; content_placement=&#8221;middle&#8221; css=&#8221;.vc_custom_1622973254231{margin-bottom: 0px !important;padding-top: 20px !important;padding-bottom: 20px !important;background: #942b26 url(http:\/\/dummy.xtemos.com\/basel\/vers\/wp-content\/uploads\/sites\/3\/2017\/01\/info-call-1.png?id=602) !important;background-position: 0 0 !important;background-repeat: no-repeat !important;}&#8221;][vc_column width=&#8221;5\/6&#8243; basel_color_scheme=&#8221;light&#8221; css=&#8221;.vc_custom_1481460303734{padding-top: 20px !important;padding-bottom: 20px !important;}&#8221;][vc_column_text css=&#8221;.vc_custom_1619644616891{margin-bottom: 0px !important;}&#8221;]<\/p>\n<p style=\"font-size: 37px; font-weight: 300; color: white; margin-bottom: 0px; line-height: 45px;\">T\u00fcm sorular\u0131n\u0131z i\u00e7in bize ula\u015f\u0131n.<\/p>\n<p style=\"font-size: 30px;\"><strong>+90 533 885 8101 \/ +90 392 228 0810<\/strong><\/p>\n<p>[\/vc_column_text][\/vc_column][vc_column width=&#8221;1\/6&#8243; css=&#8221;.vc_custom_1481367707658{padding-top: 0px !important;}&#8221;][vc_btn title=&#8221;<strong>\u0130LET\u0130\u015e\u0130M<\/strong>&#8221; style=&#8221;custom&#8221; custom_background=&#8221;#ffffff&#8221; custom_text=&#8221;#942b26&#8243; shape=&#8221;square&#8221; size=&#8221;lg&#8221; align=&#8221;center&#8221; css=&#8221;.vc_custom_1622973280958{margin-bottom: 0px !important;}&#8221; link=&#8221;url:http%3A%2F%2Fkaanhurelli.com%2Flipanew%2Filetisim%2F|title:%C4%B0LET%C4%B0%C5%9E%C4%B0M&#8221;][\/vc_column][\/vc_row][\/vc_section]<\/p>\n","protected":false},"excerpt":{"rendered":"<p>[vc_row][vc_column][vc_empty_space height=&#8221;20px&#8221;][vc_custom_heading text=&#8221;\u015eirketinizi Gelece\u011fe Haz\u0131rlay\u0131n&#8221; font_container=&#8221;tag:h2|text_align:center&#8221; google_fonts=&#8221;font_family:Archivo%20Black%3Aregular|font_style:400%20regular%3A400%3Anormal&#8221;][vc_empty_space height=&#8221;20px&#8221;][\/vc_column][\/vc_row][vc_row][vc_column width=&#8221;1\/2&#8243;][vc_column_text]\u015eirketlerin en \u00f6nemli varl\u0131klar\u0131ndan olan personellerin en verimli, etkin ve do\u011fru \u015fekilde<\/p>\n","protected":false},"author":1,"featured_media":0,"parent":1509,"menu_order":0,"comment_status":"closed","ping_status":"closed","template":"","meta":{"footnotes":""},"class_list":["post-1609","page","type-page","status-publish","hentry"],"_links":{"self":[{"href":"http:\/\/lipaconsultancy.com\/site\/wp-json\/wp\/v2\/pages\/1609","targetHints":{"allow":["GET"]}}],"collection":[{"href":"http:\/\/lipaconsultancy.com\/site\/wp-json\/wp\/v2\/pages"}],"about":[{"href":"http:\/\/lipaconsultancy.com\/site\/wp-json\/wp\/v2\/types\/page"}],"author":[{"embeddable":true,"href":"http:\/\/lipaconsultancy.com\/site\/wp-json\/wp\/v2\/users\/1"}],"replies":[{"embeddable":true,"href":"http:\/\/lipaconsultancy.com\/site\/wp-json\/wp\/v2\/comments?post=1609"}],"version-history":[{"count":4,"href":"http:\/\/lipaconsultancy.com\/site\/wp-json\/wp\/v2\/pages\/1609\/revisions"}],"predecessor-version":[{"id":1998,"href":"http:\/\/lipaconsultancy.com\/site\/wp-json\/wp\/v2\/pages\/1609\/revisions\/1998"}],"up":[{"embeddable":true,"href":"http:\/\/lipaconsultancy.com\/site\/wp-json\/wp\/v2\/pages\/1509"}],"wp:attachment":[{"href":"http:\/\/lipaconsultancy.com\/site\/wp-json\/wp\/v2\/media?parent=1609"}],"curies":[{"name":"wp","href":"https:\/\/api.w.org\/{rel}","templated":true}]}}