{"id":1509,"date":"2021-03-23T14:47:01","date_gmt":"2021-03-23T14:47:01","guid":{"rendered":"http:\/\/www.lipaconsultancy.com\/newsite\/?page_id=1509"},"modified":"2021-05-02T18:47:27","modified_gmt":"2021-05-02T18:47:27","slug":"organizasyon","status":"publish","type":"page","link":"http:\/\/lipaconsultancy.com\/site\/danismanlik\/organizasyon\/","title":{"rendered":"ORGAN\u0130ZASYON"},"content":{"rendered":"<p>[vc_row][vc_column][vc_column_text]UNDER CONSTRUCTION[\/vc_column_text][\/vc_column][\/vc_row][vc_row][vc_column width=&#8221;1\/4&#8243;][vc_column_text]<\/p>\n<h2 class=\"vc_custom_heading\">Kurumsal Yeniden Yap\u0131land\u0131rma<\/h2>\n<p>[\/vc_column_text][\/vc_column][vc_column width=&#8221;1\/4&#8243;][vc_column_text]<\/p>\n<h2 class=\"vc_custom_heading\">\u0130nsan Kaynaklar\u0131 Y\u00f6netimi<\/h2>\n<p>[\/vc_column_text][\/vc_column][vc_column width=&#8221;1\/4&#8243;][vc_column_text]<\/p>\n<h2 class=\"vc_custom_heading\">Performans Y\u00f6netimi<\/h2>\n<p>[\/vc_column_text][\/vc_column][vc_column width=&#8221;1\/4&#8243;][vc_column_text]<\/p>\n<h2 class=\"vc_custom_heading\">Personel Bulma ve \u0130stihdam<\/h2>\n<p>[\/vc_column_text][\/vc_column][\/vc_row]<\/p>\n","protected":false},"excerpt":{"rendered":"<p>[vc_row][vc_column][vc_column_text]UNDER CONSTRUCTION[\/vc_column_text][\/vc_column][\/vc_row][vc_row][vc_column width=&#8221;1\/4&#8243;][vc_column_text] Kurumsal Yeniden Yap\u0131land\u0131rma [\/vc_column_text][\/vc_column][vc_column width=&#8221;1\/4&#8243;][vc_column_text] \u0130nsan Kaynaklar\u0131 Y\u00f6netimi [\/vc_column_text][\/vc_column][vc_column width=&#8221;1\/4&#8243;][vc_column_text] Performans Y\u00f6netimi [\/vc_column_text][\/vc_column][vc_column width=&#8221;1\/4&#8243;][vc_column_text] Personel Bulma ve<\/p>\n","protected":false},"author":1,"featured_media":0,"parent":1516,"menu_order":0,"comment_status":"closed","ping_status":"closed","template":"","meta":{"footnotes":""},"class_list":["post-1509","page","type-page","status-publish","hentry"],"_links":{"self":[{"href":"http:\/\/lipaconsultancy.com\/site\/wp-json\/wp\/v2\/pages\/1509","targetHints":{"allow":["GET"]}}],"collection":[{"href":"http:\/\/lipaconsultancy.com\/site\/wp-json\/wp\/v2\/pages"}],"about":[{"href":"http:\/\/lipaconsultancy.com\/site\/wp-json\/wp\/v2\/types\/page"}],"author":[{"embeddable":true,"href":"http:\/\/lipaconsultancy.com\/site\/wp-json\/wp\/v2\/users\/1"}],"replies":[{"embeddable":true,"href":"http:\/\/lipaconsultancy.com\/site\/wp-json\/wp\/v2\/comments?post=1509"}],"version-history":[{"count":22,"href":"http:\/\/lipaconsultancy.com\/site\/wp-json\/wp\/v2\/pages\/1509\/revisions"}],"predecessor-version":[{"id":1619,"href":"http:\/\/lipaconsultancy.com\/site\/wp-json\/wp\/v2\/pages\/1509\/revisions\/1619"}],"up":[{"embeddable":true,"href":"http:\/\/lipaconsultancy.com\/site\/wp-json\/wp\/v2\/pages\/1516"}],"wp:attachment":[{"href":"http:\/\/lipaconsultancy.com\/site\/wp-json\/wp\/v2\/media?parent=1509"}],"curies":[{"name":"wp","href":"https:\/\/api.w.org\/{rel}","templated":true}]}}